{"id":10162,"date":"2026-01-29T06:37:06","date_gmt":"2026-01-29T06:37:06","guid":{"rendered":"https:\/\/e-systemygrzewcze.eu\/sklep\/produkt\/afriso-sprzeglo-hydrauliczne-blh801-ocieplone-70kw-9080110\/"},"modified":"2026-03-30T10:21:12","modified_gmt":"2026-03-30T10:21:12","slug":"afriso-sprzeglo-hydrauliczne-blh801-ocieplone-70kw-9080110","status":"publish","type":"product","link":"https:\/\/e-systemygrzewcze.eu\/sklep\/produkt\/afriso-sprzeglo-hydrauliczne-blh801-ocieplone-70kw-9080110\/","title":{"rendered":"AFRISO Sprz\u0119g\u0142o hydrauliczne BLH801 ocieplone 70kW (9080110)"},"content":{"rendered":"<h2 data-start=\"127\" data-end=\"197\">AFRISO Sprz\u0119g\u0142o hydrauliczne BLH 801 70 kW \u2013 ocieplone (9080110)<\/h2>\n<p data-start=\"219\" data-end=\"608\"><strong data-start=\"219\" data-end=\"259\">Sprz\u0119g\u0142o hydrauliczne AFRISO BLH 801<\/strong> to zaawansowane urz\u0105dzenie przeznaczone do profesjonalnych instalacji grzewczych i ch\u0142odniczych, w kt\u00f3rych wymagane jest <strong data-start=\"381\" data-end=\"445\">hydrauliczne oddzielenie \u017ar\u00f3d\u0142a ciep\u0142a od obieg\u00f3w instalacji<\/strong>. Montowane pomi\u0119dzy kot\u0142em, pomp\u0105 ciep\u0142a lub agregatem ch\u0142odniczym a systemem dystrybucji, zapewnia stabiln\u0105, bezpieczn\u0105 i energooszcz\u0119dn\u0105 prac\u0119 ca\u0142ej instalacji.<\/p>\n<p data-start=\"610\" data-end=\"947\">Dzi\u0119ki swojej konstrukcji sprz\u0119g\u0142o BLH 801 <strong data-start=\"653\" data-end=\"676\">r\u00f3wnowa\u017cy przep\u0142ywy<\/strong>, zapobiegaj\u0105c zak\u0142\u00f3ceniom pracy pomp i wahaniom temperatury. System dzia\u0142a poprawnie nawet w sytuacji, gdy cz\u0119\u015b\u0107 obieg\u00f3w zostanie wy\u0142\u0105czona lub zmieni\u0105 si\u0119 parametry pracy pomp. To rozwi\u0105zanie znacz\u0105co zwi\u0119ksza \u017cywotno\u015b\u0107 \u017ar\u00f3d\u0142a ciep\u0142a oraz poprawia komfort u\u017cytkownik\u00f3w.<\/p>\n<p data-start=\"949\" data-end=\"1318\">Korpus sprz\u0119g\u0142a zabezpieczony jest <strong data-start=\"984\" data-end=\"1003\">pow\u0142ok\u0105 cynkow\u0105<\/strong>, kt\u00f3ra chroni przed korozj\u0105, natomiast <strong data-start=\"1043\" data-end=\"1076\">wewn\u0119trzne siatki separacyjne<\/strong> skutecznie wytr\u0105caj\u0105 p\u0119cherze powietrza i zanieczyszczenia z medium. Zastosowana <strong data-start=\"1158\" data-end=\"1189\">dwucz\u0119\u015bciowa izolacja z EPP<\/strong> minimalizuje straty ciep\u0142a i posiada specjalne wyt\u0142oczenie umo\u017cliwiaj\u0105ce umieszczenie czujnika temperatury bez demonta\u017cu os\u0142ony.<\/p>\n<p data-start=\"1320\" data-end=\"1656\">W standardzie sprz\u0119g\u0142o wyposa\u017cone jest w <strong data-start=\"1361\" data-end=\"1391\">automatyczny odpowietrznik<\/strong>, <strong data-start=\"1393\" data-end=\"1415\">zaw\u00f3r spustowy KFE<\/strong> oraz <strong data-start=\"1421\" data-end=\"1452\">dwa termometry bimetaliczne<\/strong>, kt\u00f3re umo\u017cliwiaj\u0105 bie\u017c\u0105c\u0105 kontrol\u0119 temperatury zasilania i powrotu. Dzi\u0119ki temu BLH 801 nie tylko separuje hydraulicznie obiegi, ale r\u00f3wnie\u017c <strong data-start=\"1595\" data-end=\"1655\">pe\u0142ni funkcj\u0119 odpowietrznika i separatora zanieczyszcze\u0144<\/strong>.<\/p>\n<hr data-start=\"1658\" data-end=\"1661\" \/>\n<h3 data-start=\"1663\" data-end=\"1687\">\ud83d\udcca Dane techniczne<\/h3>\n<ul data-start=\"1689\" data-end=\"2246\">\n<li data-start=\"1689\" data-end=\"1707\">\n<p data-start=\"1691\" data-end=\"1707\">Model: BLH 801<\/p>\n<\/li>\n<li data-start=\"1708\" data-end=\"1729\">\n<p data-start=\"1710\" data-end=\"1729\">Producent: AFRISO<\/p>\n<\/li>\n<li data-start=\"1730\" data-end=\"1757\">\n<p data-start=\"1732\" data-end=\"1757\">Kod producenta: 9080110<\/p>\n<\/li>\n<li data-start=\"1758\" data-end=\"1783\">\n<p data-start=\"1760\" data-end=\"1783\">Maksymalna moc: 70 kW<\/p>\n<\/li>\n<li data-start=\"1784\" data-end=\"1834\">\n<p data-start=\"1786\" data-end=\"1834\">Zastosowanie: instalacje grzewcze i ch\u0142odnicze<\/p>\n<\/li>\n<li data-start=\"1835\" data-end=\"1912\">\n<p data-start=\"1837\" data-end=\"1912\">Funkcja: separacja hydrauliczna, odpowietrzanie, separacja zanieczyszcze\u0144<\/p>\n<\/li>\n<li data-start=\"1913\" data-end=\"1947\">\n<p data-start=\"1915\" data-end=\"1947\">Korpus: stal z pow\u0142ok\u0105 cynkow\u0105<\/p>\n<\/li>\n<li data-start=\"1948\" data-end=\"1994\">\n<p data-start=\"1950\" data-end=\"1994\">Izolacja: dwucz\u0119\u015bciowa, EPP (polipropylen)<\/p>\n<\/li>\n<li data-start=\"1995\" data-end=\"2139\">\n<p data-start=\"1997\" data-end=\"2019\">Elementy w zestawie:<\/p>\n<ul data-start=\"2022\" data-end=\"2139\">\n<li data-start=\"2022\" data-end=\"2071\">\n<p data-start=\"2024\" data-end=\"2071\">odpowietrznik automatyczny z zaworem stopowym<\/p>\n<\/li>\n<li data-start=\"2074\" data-end=\"2096\">\n<p data-start=\"2076\" data-end=\"2096\">zaw\u00f3r spustowy KFE<\/p>\n<\/li>\n<li data-start=\"2099\" data-end=\"2139\">\n<p data-start=\"2101\" data-end=\"2139\">2 termometry bimetaliczne z tulejami<\/p>\n<\/li>\n<\/ul>\n<\/li>\n<li data-start=\"2140\" data-end=\"2246\">\n<p data-start=\"2142\" data-end=\"2160\">Dodatkowe cechy:<\/p>\n<ul data-start=\"2163\" data-end=\"2246\">\n<li data-start=\"2163\" data-end=\"2196\">\n<p data-start=\"2165\" data-end=\"2196\">wewn\u0119trzne siatki separacyjne<\/p>\n<\/li>\n<li data-start=\"2199\" data-end=\"2246\">\n<p data-start=\"2201\" data-end=\"2246\">miejsce na czujnik temperatury pod izolacj\u0105<\/p>\n<\/li>\n<\/ul>\n<\/li>\n<\/ul>\n","protected":false},"excerpt":{"rendered":"<p><strong>AFRISO BLH 801 70 kW\u00a0 to profesjonalne sprz\u0119g\u0142o hydrauliczne z funkcj\u0105 odpowietrzania i separacji zanieczyszcze\u0144. Zapewnia stabiln\u0105 prac\u0119 instalacji i minimalizuje straty ciep\u0142a dzi\u0119ki izolacji EPP <\/strong><\/p>\n","protected":false},"featured_media":10164,"template":"","meta":{"_kad_blocks_custom_css":"","_kad_blocks_head_custom_js":"","_kad_blocks_body_custom_js":"","_kad_blocks_footer_custom_js":"","_kad_post_transparent":"default","_kad_post_title":"","_kad_post_layout":"default","_kad_post_sidebar_id":"","_kad_post_content_style":"default","_kad_post_vertical_padding":"default","_kad_post_feature":"","_kad_post_feature_position":"","_kad_post_header":false,"_kad_post_footer":false,"_kad_post_classname":""},"product_brand":[124],"product_cat":[320],"product_tag":[],"class_list":{"0":"post-10162","1":"product","2":"type-product","3":"status-publish","4":"has-post-thumbnail","6":"product_brand-afriso","7":"product_cat-sprzegla-hydrauliczne","8":"product_shipping_class-drobnica","10":"first","11":"instock","12":"taxable","13":"shipping-taxable","14":"purchasable","15":"product-type-simple","16":"entry","17":"content-bg","18":"loop-entry"},"taxonomy_info":{"product_brand":[{"value":124,"label":"AFRISO"}],"product_cat":[{"value":320,"label":"Sprz\u0119g\u0142a hydrauliczne"}]},"featured_image_src_large":["https:\/\/e-systemygrzewcze.eu\/sklep\/wp-content\/uploads\/2026\/01\/Nowy-projekt-2026-01-29T073313.881.jpg",510,587,false],"author_info":[],"comment_info":"","_links":{"self":[{"href":"https:\/\/e-systemygrzewcze.eu\/sklep\/wp-json\/wp\/v2\/product\/10162","targetHints":{"allow":["GET"]}}],"collection":[{"href":"https:\/\/e-systemygrzewcze.eu\/sklep\/wp-json\/wp\/v2\/product"}],"about":[{"href":"https:\/\/e-systemygrzewcze.eu\/sklep\/wp-json\/wp\/v2\/types\/product"}],"wp:featuredmedia":[{"embeddable":true,"href":"https:\/\/e-systemygrzewcze.eu\/sklep\/wp-json\/wp\/v2\/media\/10164"}],"wp:attachment":[{"href":"https:\/\/e-systemygrzewcze.eu\/sklep\/wp-json\/wp\/v2\/media?parent=10162"}],"wp:term":[{"taxonomy":"product_brand","embeddable":true,"href":"https:\/\/e-systemygrzewcze.eu\/sklep\/wp-json\/wp\/v2\/product_brand?post=10162"},{"taxonomy":"product_cat","embeddable":true,"href":"https:\/\/e-systemygrzewcze.eu\/sklep\/wp-json\/wp\/v2\/product_cat?post=10162"},{"taxonomy":"product_tag","embeddable":true,"href":"https:\/\/e-systemygrzewcze.eu\/sklep\/wp-json\/wp\/v2\/product_tag?post=10162"}],"curies":[{"name":"wp","href":"https:\/\/api.w.org\/{rel}","templated":true}]}}