{"id":10159,"date":"2026-01-29T06:27:53","date_gmt":"2026-01-29T06:27:53","guid":{"rendered":"https:\/\/e-systemygrzewcze.eu\/sklep\/produkt\/sprzeglo-hydrauliczne-eco-z-przylaczem-gwintowanym-1-40kw\/"},"modified":"2026-04-09T08:45:25","modified_gmt":"2026-04-09T08:45:25","slug":"sprzeglo-hydrauliczne-eco-z-przylaczem-gwintowanym-1-40kw","status":"publish","type":"product","link":"https:\/\/e-systemygrzewcze.eu\/sklep\/produkt\/sprzeglo-hydrauliczne-eco-z-przylaczem-gwintowanym-1-40kw\/","title":{"rendered":"Sprz\u0119g\u0142o hydrauliczne ECO z przy\u0142\u0105czem gwintowanym 1&#8243; 40kW"},"content":{"rendered":"","protected":false},"excerpt":{"rendered":"<p><strong>Sprz\u0119g\u0142o hydrauliczne ECO 1&#8243; 40 kW stabilizuje przep\u0142ywy i chroni instalacj\u0119 przed zak\u0142\u00f3ceniami pracy pomp. Idealne rozwi\u0105zanie do nowoczesnych kot\u0142owni i system\u00f3w wieloobiegowych<\/strong><\/p>\n","protected":false},"featured_media":10160,"template":"","meta":{"_kad_blocks_custom_css":"","_kad_blocks_head_custom_js":"","_kad_blocks_body_custom_js":"","_kad_blocks_footer_custom_js":"","_kad_post_transparent":"default","_kad_post_title":"","_kad_post_layout":"default","_kad_post_sidebar_id":"","_kad_post_content_style":"default","_kad_post_vertical_padding":"default","_kad_post_feature":"","_kad_post_feature_position":"","_kad_post_header":false,"_kad_post_footer":false,"_kad_post_classname":""},"product_brand":[],"product_cat":[320],"product_tag":[],"class_list":{"0":"post-10159","1":"product","2":"type-product","3":"status-publish","4":"has-post-thumbnail","6":"product_cat-sprzegla-hydrauliczne","7":"product_shipping_class-drobnica","9":"first","10":"instock","11":"taxable","12":"shipping-taxable","13":"purchasable","14":"product-type-simple","15":"entry","16":"content-bg","17":"loop-entry"},"taxonomy_info":{"product_cat":[{"value":320,"label":"Sprz\u0119g\u0142a hydrauliczne"}]},"featured_image_src_large":["https:\/\/e-systemygrzewcze.eu\/sklep\/wp-content\/uploads\/2026\/01\/Nowy-projekt-2026-01-29T072528.277.jpg",510,587,false],"author_info":[],"comment_info":"","_links":{"self":[{"href":"https:\/\/e-systemygrzewcze.eu\/sklep\/wp-json\/wp\/v2\/product\/10159","targetHints":{"allow":["GET"]}}],"collection":[{"href":"https:\/\/e-systemygrzewcze.eu\/sklep\/wp-json\/wp\/v2\/product"}],"about":[{"href":"https:\/\/e-systemygrzewcze.eu\/sklep\/wp-json\/wp\/v2\/types\/product"}],"wp:featuredmedia":[{"embeddable":true,"href":"https:\/\/e-systemygrzewcze.eu\/sklep\/wp-json\/wp\/v2\/media\/10160"}],"wp:attachment":[{"href":"https:\/\/e-systemygrzewcze.eu\/sklep\/wp-json\/wp\/v2\/media?parent=10159"}],"wp:term":[{"taxonomy":"product_brand","embeddable":true,"href":"https:\/\/e-systemygrzewcze.eu\/sklep\/wp-json\/wp\/v2\/product_brand?post=10159"},{"taxonomy":"product_cat","embeddable":true,"href":"https:\/\/e-systemygrzewcze.eu\/sklep\/wp-json\/wp\/v2\/product_cat?post=10159"},{"taxonomy":"product_tag","embeddable":true,"href":"https:\/\/e-systemygrzewcze.eu\/sklep\/wp-json\/wp\/v2\/product_tag?post=10159"}],"curies":[{"name":"wp","href":"https:\/\/api.w.org\/{rel}","templated":true}]}}