{"id":10152,"date":"2026-01-28T12:47:52","date_gmt":"2026-01-28T12:47:52","guid":{"rendered":"https:\/\/e-systemygrzewcze.eu\/sklep\/produkt\/vario-term-tulejka-maskujaca-1-2-l-50mm-biala-000m840a0650\/"},"modified":"2026-04-07T09:34:14","modified_gmt":"2026-04-07T09:34:14","slug":"vario-term-tulejka-maskujaca-1-2-l-50mm-biala-000m840a0650","status":"publish","type":"product","link":"https:\/\/e-systemygrzewcze.eu\/sklep\/produkt\/vario-term-tulejka-maskujaca-1-2-l-50mm-biala-000m840a0650\/","title":{"rendered":"VARIO TERM Tulejka maskuj\u0105ca 1\/2&#8243; L-50mm bia\u0142a (000M840A0650)"},"content":{"rendered":"<h3 style=\"text-align: center;\" data-start=\"0\" data-end=\"77\">! TOWAR POWYSTAWOWY !<\/h3>\n<h3 data-start=\"0\" data-end=\"77\">\ud83d\udd27 <strong data-start=\"7\" data-end=\"75\">VARIO TERM Tulejka maskuj\u0105ca 1\/2\u2033 L-50 mm \u2013 bia\u0142a (000M840A0650)<\/strong><\/h3>\n<p data-start=\"79\" data-end=\"421\"><strong data-start=\"79\" data-end=\"145\">VARIO TERM Tulejka maskuj\u0105ca 1\/2\u2033 L-50 mm bia\u0142a (000M840A0650)<\/strong> to praktyczny element wyko\u0144czeniowy instalacji wodnych i grzewczych, s\u0142u\u017c\u0105cy do <strong data-start=\"226\" data-end=\"300\">estetycznego zakrywania przej\u015b\u0107 rur przez \u015bciany, pod\u0142ogi lub zabudowy<\/strong>. Dzi\u0119ki kompaktowemu rozmiarowi i bia\u0142emu kolorowi doskonale komponuje si\u0119 z armatur\u0105 i nowoczesnymi aran\u017cacjami wn\u0119trz.<\/p>\n<hr data-start=\"423\" data-end=\"426\" \/>\n<h2 data-start=\"428\" data-end=\"447\">\u2705 Cechy produktu<\/h2>\n<ul data-start=\"448\" data-end=\"845\">\n<li data-start=\"448\" data-end=\"481\">\n<p data-start=\"450\" data-end=\"481\"><strong data-start=\"450\" data-end=\"461\">Rodzaj:<\/strong> tulejka maskuj\u0105ca<\/p>\n<\/li>\n<li data-start=\"482\" data-end=\"509\">\n<p data-start=\"484\" data-end=\"509\"><strong data-start=\"484\" data-end=\"498\">Przy\u0142\u0105cze:<\/strong> <strong data-start=\"499\" data-end=\"507\">1\/2\u2033<\/strong><\/p>\n<\/li>\n<li data-start=\"510\" data-end=\"540\">\n<p data-start=\"512\" data-end=\"540\"><strong data-start=\"512\" data-end=\"528\">D\u0142ugo\u015b\u0107 (L):<\/strong> <strong data-start=\"529\" data-end=\"538\">50 mm<\/strong><\/p>\n<\/li>\n<li data-start=\"541\" data-end=\"625\">\n<p data-start=\"543\" data-end=\"625\"><strong data-start=\"543\" data-end=\"553\">Kolor:<\/strong> <strong data-start=\"554\" data-end=\"563\">bia\u0142y<\/strong> \u2013 uniwersalne wyko\u0144czenie pasuj\u0105ce do wi\u0119kszo\u015bci instalacji<\/p>\n<\/li>\n<li data-start=\"626\" data-end=\"703\">\n<p data-start=\"628\" data-end=\"703\"><strong data-start=\"628\" data-end=\"655\">Estetyczne wyko\u0144czenie:<\/strong> ukrywa otwory i nieszczelne miejsca wok\u00f3\u0142 rur<\/p>\n<\/li>\n<li data-start=\"704\" data-end=\"779\">\n<p data-start=\"706\" data-end=\"779\"><strong data-start=\"706\" data-end=\"719\">Materia\u0142:<\/strong> wysokiej jako\u015bci tworzywo odporne na wilgo\u0107 i zabrudzenia<\/p>\n<\/li>\n<li data-start=\"780\" data-end=\"845\">\n<p data-start=\"782\" data-end=\"845\"><strong data-start=\"782\" data-end=\"799\">\u0141atwy monta\u017c:<\/strong> montuje si\u0119 szybko bez dodatkowych narz\u0119dzi<\/p>\n<\/li>\n<\/ul>\n<hr data-start=\"847\" data-end=\"850\" \/>\n<h2 data-start=\"852\" data-end=\"870\">\u2699\ufe0f Zastosowanie<\/h2>\n<ul data-start=\"871\" data-end=\"1072\">\n<li data-start=\"871\" data-end=\"922\">\n<p data-start=\"873\" data-end=\"922\">zakrywanie przej\u015b\u0107 rur <strong data-start=\"896\" data-end=\"920\">w \u015bcianie i pod\u0142odze<\/strong><\/p>\n<\/li>\n<li data-start=\"923\" data-end=\"974\">\n<p data-start=\"925\" data-end=\"974\">instalacje wodne i grzewcze o \u015brednicy <strong data-start=\"964\" data-end=\"972\">1\/2\u2033<\/strong><\/p>\n<\/li>\n<li data-start=\"975\" data-end=\"1022\">\n<p data-start=\"977\" data-end=\"1022\">\u0142azienki, kuchnie, pomieszczenia techniczne<\/p>\n<\/li>\n<li data-start=\"1023\" data-end=\"1072\">\n<p data-start=\"1025\" data-end=\"1072\">estetyczne wyko\u0144czenie punkt\u00f3w przy\u0142\u0105czeniowych<\/p>\n<\/li>\n<\/ul>\n<hr data-start=\"1074\" data-end=\"1077\" \/>\n<h3 data-start=\"1079\" data-end=\"1098\">\ud83d\udcdd Podsumowanie<\/h3>\n<p data-start=\"1099\" data-end=\"1366\"><strong data-start=\"1099\" data-end=\"1165\">VARIO TERM Tulejka maskuj\u0105ca 1\/2\u2033 L-50 mm bia\u0142a (000M840A0650)<\/strong> to estetyczny i funkcjonalny element maskuj\u0105cy, kt\u00f3ry poprawia wygl\u0105d instalacji wodnych i grzewczych. Bia\u0142y kolor i kompaktowe wymiary sprawiaj\u0105, \u017ce idealnie pasuje do nowoczesnych \u0142azienek i kuchni.<\/p>\n","protected":false},"excerpt":{"rendered":"<p><strong>VARIO TERM Tulejka maskuj\u0105ca 1\/2\u2033 L-50 mm bia\u0142a (000M840A0650) to estetyczny i funkcjonalny element maskuj\u0105cy, kt\u00f3ry poprawia wygl\u0105d instalacji wodnych i grzewczych. Bia\u0142y kolor i kompaktowe wymiary sprawiaj\u0105, \u017ce idealnie pasuje do nowoczesnych \u0142azienek i kuchni.<\/strong><\/p>\n","protected":false},"featured_media":10203,"template":"","meta":{"_kad_blocks_custom_css":"","_kad_blocks_head_custom_js":"","_kad_blocks_body_custom_js":"","_kad_blocks_footer_custom_js":"","_kad_post_transparent":"default","_kad_post_title":"","_kad_post_layout":"default","_kad_post_sidebar_id":"","_kad_post_content_style":"default","_kad_post_vertical_padding":"default","_kad_post_feature":"","_kad_post_feature_position":"","_kad_post_header":false,"_kad_post_footer":false,"_kad_post_classname":""},"product_brand":[415],"product_cat":[291],"product_tag":[],"class_list":{"0":"post-10152","1":"product","2":"type-product","3":"status-publish","4":"has-post-thumbnail","6":"product_brand-vario-term","7":"product_cat-wyprzedaz","8":"product_shipping_class-drobnica","10":"first","11":"instock","12":"taxable","13":"shipping-taxable","14":"purchasable","15":"product-type-simple","16":"entry","17":"content-bg","18":"loop-entry"},"taxonomy_info":{"product_brand":[{"value":415,"label":"Vario Term"}],"product_cat":[{"value":291,"label":"Wyprzeda\u017c"}]},"featured_image_src_large":["https:\/\/e-systemygrzewcze.eu\/sklep\/wp-content\/uploads\/2026\/01\/Nowy-projekt-74.jpg",510,587,false],"author_info":[],"comment_info":"","_links":{"self":[{"href":"https:\/\/e-systemygrzewcze.eu\/sklep\/wp-json\/wp\/v2\/product\/10152","targetHints":{"allow":["GET"]}}],"collection":[{"href":"https:\/\/e-systemygrzewcze.eu\/sklep\/wp-json\/wp\/v2\/product"}],"about":[{"href":"https:\/\/e-systemygrzewcze.eu\/sklep\/wp-json\/wp\/v2\/types\/product"}],"wp:featuredmedia":[{"embeddable":true,"href":"https:\/\/e-systemygrzewcze.eu\/sklep\/wp-json\/wp\/v2\/media\/10203"}],"wp:attachment":[{"href":"https:\/\/e-systemygrzewcze.eu\/sklep\/wp-json\/wp\/v2\/media?parent=10152"}],"wp:term":[{"taxonomy":"product_brand","embeddable":true,"href":"https:\/\/e-systemygrzewcze.eu\/sklep\/wp-json\/wp\/v2\/product_brand?post=10152"},{"taxonomy":"product_cat","embeddable":true,"href":"https:\/\/e-systemygrzewcze.eu\/sklep\/wp-json\/wp\/v2\/product_cat?post=10152"},{"taxonomy":"product_tag","embeddable":true,"href":"https:\/\/e-systemygrzewcze.eu\/sklep\/wp-json\/wp\/v2\/product_tag?post=10152"}],"curies":[{"name":"wp","href":"https:\/\/api.w.org\/{rel}","templated":true}]}}