{"id":10148,"date":"2026-01-28T12:41:27","date_gmt":"2026-01-28T12:41:27","guid":{"rendered":"https:\/\/e-systemygrzewcze.eu\/sklep\/produkt\/vario-term-przedluzka-biala-15-l-50mm-biala-000m831a0650\/"},"modified":"2026-04-07T09:34:22","modified_gmt":"2026-04-07T09:34:22","slug":"vario-term-przedluzka-biala-15-l-50mm-biala-000m831a0650","status":"publish","type":"product","link":"https:\/\/e-systemygrzewcze.eu\/sklep\/produkt\/vario-term-przedluzka-biala-15-l-50mm-biala-000m831a0650\/","title":{"rendered":"VARIO TERM Przed\u0142u\u017cka bia\u0142a 15 L-50mm bia\u0142a (000M831A0650)"},"content":{"rendered":"<h3 style=\"text-align: center;\" data-start=\"0\" data-end=\"77\">! TOWAR POWYSTAWOWY !<\/h3>\n<h3 data-start=\"0\" data-end=\"66\">\ud83d\udd27 <strong data-start=\"7\" data-end=\"64\">VARIO TERM Przed\u0142u\u017cka bia\u0142a 15 L-50 mm (000M831A0650)<\/strong><\/h3>\n<p data-start=\"68\" data-end=\"379\"><strong data-start=\"68\" data-end=\"125\">VARIO TERM Przed\u0142u\u017cka bia\u0142a 15 L-50 mm (000M831A0650)<\/strong> to <strong data-start=\"129\" data-end=\"153\">element instalacyjny<\/strong> stosowany do <strong data-start=\"167\" data-end=\"199\">wyd\u0142u\u017cenia po\u0142\u0105cze\u0144 rurowych<\/strong> w systemach wodnych lub grzewczych. Umo\u017cliwia precyzyjne dopasowanie d\u0142ugo\u015bci po\u0142\u0105czenia mi\u0119dzy zaworami, armatur\u0105 a instalacj\u0105, zapewniaj\u0105c estetyczne i funkcjonalne wyko\u0144czenie.<\/p>\n<hr data-start=\"381\" data-end=\"384\" \/>\n<h2 data-start=\"386\" data-end=\"405\">\u2705 Cechy produktu<\/h2>\n<ul data-start=\"406\" data-end=\"745\">\n<li data-start=\"406\" data-end=\"436\">\n<p data-start=\"408\" data-end=\"436\"><strong data-start=\"408\" data-end=\"416\">Typ:<\/strong> przed\u0142u\u017cka rurowa<\/p>\n<\/li>\n<li data-start=\"437\" data-end=\"463\">\n<p data-start=\"439\" data-end=\"463\"><strong data-start=\"439\" data-end=\"451\">Rozmiar:<\/strong> <strong data-start=\"452\" data-end=\"461\">15 mm<\/strong><\/p>\n<\/li>\n<li data-start=\"464\" data-end=\"492\">\n<p data-start=\"466\" data-end=\"492\"><strong data-start=\"466\" data-end=\"480\">D\u0142ugo\u015b\u0107 L:<\/strong> <strong data-start=\"481\" data-end=\"490\">50 mm<\/strong><\/p>\n<\/li>\n<li data-start=\"493\" data-end=\"517\">\n<p data-start=\"495\" data-end=\"517\"><strong data-start=\"495\" data-end=\"505\">Kolor:<\/strong> <strong data-start=\"506\" data-end=\"515\">bia\u0142y<\/strong><\/p>\n<\/li>\n<li data-start=\"518\" data-end=\"603\">\n<p data-start=\"520\" data-end=\"603\"><strong data-start=\"520\" data-end=\"538\">Przeznaczenie:<\/strong> dopasowanie d\u0142ugo\u015bci po\u0142\u0105cze\u0144 rurowych w instalacjach domowych<\/p>\n<\/li>\n<li data-start=\"604\" data-end=\"673\">\n<p data-start=\"606\" data-end=\"673\"><strong data-start=\"606\" data-end=\"620\">Materia\u0142y:<\/strong> trwa\u0142e tworzywo, odporne na warunki wodne\/grzewcze<\/p>\n<\/li>\n<li data-start=\"674\" data-end=\"745\">\n<p data-start=\"676\" data-end=\"745\"><strong data-start=\"676\" data-end=\"689\">Estetyka:<\/strong> bia\u0142y kolor dobrze komponuje si\u0119 z jasnymi armaturami<\/p>\n<\/li>\n<\/ul>\n<hr data-start=\"747\" data-end=\"750\" \/>\n<h2 data-start=\"752\" data-end=\"770\">\u2699\ufe0f Zastosowanie<\/h2>\n<ul data-start=\"771\" data-end=\"1080\">\n<li data-start=\"771\" data-end=\"846\">\n<p data-start=\"773\" data-end=\"846\"><strong data-start=\"773\" data-end=\"804\">Instalacje wodne i grzewcze<\/strong> \u2013 wyd\u0142u\u017canie po\u0142\u0105cze\u0144 mi\u0119dzy elementami<\/p>\n<\/li>\n<li data-start=\"847\" data-end=\"930\">\n<p data-start=\"849\" data-end=\"930\"><strong data-start=\"849\" data-end=\"894\">Pod\u0142\u0105czenia grzejnik\u00f3w, baterii i zawor\u00f3w<\/strong> \u2013 precyzyjne dopasowanie wymiar\u00f3w<\/p>\n<\/li>\n<li data-start=\"931\" data-end=\"1008\">\n<p data-start=\"933\" data-end=\"1008\"><strong data-start=\"933\" data-end=\"959\">Remonty i modernizacje<\/strong> \u2013 poprawa dopasowania element\u00f3w instalacyjnych<\/p>\n<\/li>\n<li data-start=\"1009\" data-end=\"1080\">\n<p data-start=\"1011\" data-end=\"1080\"><strong data-start=\"1011\" data-end=\"1048\">Maskowanie i dopasowanie po\u0142\u0105cze\u0144<\/strong> w punktach wyj\u015bcia z zabudow\u0105<\/p>\n<\/li>\n<\/ul>\n<hr data-start=\"1082\" data-end=\"1085\" \/>\n<h3 data-start=\"1087\" data-end=\"1106\">\ud83d\udcdd Podsumowanie<\/h3>\n<p data-start=\"1107\" data-end=\"1403\"><strong data-start=\"1107\" data-end=\"1167\">VARIO TERM Przed\u0142u\u017cka bia\u0142a 15 mm L-50 mm (000M831A0650)<\/strong> to praktyczne rozwi\u0105zanie do dopasowania d\u0142ugo\u015bci po\u0142\u0105cze\u0144 rurowych w instalacjach wodnych i grzewczych. Bia\u0142y kolor oraz kompaktowy wymiar sprawiaj\u0105, \u017ce jest to wygodny i estetyczny element podczas monta\u017cu lub modernizacji instalacji.<\/p>\n","protected":false},"excerpt":{"rendered":"<p><strong>VARIO TERM Przed\u0142u\u017cka bia\u0142a 15 mm L-50 mm (000M831A0650) to praktyczne rozwi\u0105zanie do dopasowania d\u0142ugo\u015bci po\u0142\u0105cze\u0144 rurowych w instalacjach wodnych i grzewczych. Bia\u0142y kolor oraz kompaktowy wymiar sprawiaj\u0105, \u017ce jest to wygodny i estetyczny element podczas monta\u017cu lub modernizacji instalacji.<\/strong><\/p>\n","protected":false},"featured_media":10151,"template":"","meta":{"_kad_blocks_custom_css":"","_kad_blocks_head_custom_js":"","_kad_blocks_body_custom_js":"","_kad_blocks_footer_custom_js":"","_kad_post_transparent":"default","_kad_post_title":"","_kad_post_layout":"default","_kad_post_sidebar_id":"","_kad_post_content_style":"default","_kad_post_vertical_padding":"default","_kad_post_feature":"","_kad_post_feature_position":"","_kad_post_header":false,"_kad_post_footer":false,"_kad_post_classname":""},"product_brand":[415],"product_cat":[291],"product_tag":[],"class_list":{"0":"post-10148","1":"product","2":"type-product","3":"status-publish","4":"has-post-thumbnail","6":"product_brand-vario-term","7":"product_cat-wyprzedaz","8":"product_shipping_class-drobnica","10":"first","11":"instock","12":"taxable","13":"shipping-taxable","14":"purchasable","15":"product-type-simple","16":"entry","17":"content-bg","18":"loop-entry"},"taxonomy_info":{"product_brand":[{"value":415,"label":"Vario Term"}],"product_cat":[{"value":291,"label":"Wyprzeda\u017c"}]},"featured_image_src_large":["https:\/\/e-systemygrzewcze.eu\/sklep\/wp-content\/uploads\/2026\/01\/Nowy-projekt-71.jpg",510,587,false],"author_info":[],"comment_info":"","_links":{"self":[{"href":"https:\/\/e-systemygrzewcze.eu\/sklep\/wp-json\/wp\/v2\/product\/10148","targetHints":{"allow":["GET"]}}],"collection":[{"href":"https:\/\/e-systemygrzewcze.eu\/sklep\/wp-json\/wp\/v2\/product"}],"about":[{"href":"https:\/\/e-systemygrzewcze.eu\/sklep\/wp-json\/wp\/v2\/types\/product"}],"wp:featuredmedia":[{"embeddable":true,"href":"https:\/\/e-systemygrzewcze.eu\/sklep\/wp-json\/wp\/v2\/media\/10151"}],"wp:attachment":[{"href":"https:\/\/e-systemygrzewcze.eu\/sklep\/wp-json\/wp\/v2\/media?parent=10148"}],"wp:term":[{"taxonomy":"product_brand","embeddable":true,"href":"https:\/\/e-systemygrzewcze.eu\/sklep\/wp-json\/wp\/v2\/product_brand?post=10148"},{"taxonomy":"product_cat","embeddable":true,"href":"https:\/\/e-systemygrzewcze.eu\/sklep\/wp-json\/wp\/v2\/product_cat?post=10148"},{"taxonomy":"product_tag","embeddable":true,"href":"https:\/\/e-systemygrzewcze.eu\/sklep\/wp-json\/wp\/v2\/product_tag?post=10148"}],"curies":[{"name":"wp","href":"https:\/\/api.w.org\/{rel}","templated":true}]}}