{"id":10144,"date":"2026-01-28T12:36:40","date_gmt":"2026-01-28T12:36:40","guid":{"rendered":"https:\/\/e-systemygrzewcze.eu\/sklep\/produkt\/vario-term-rozeta-podwojna-3-4-fi-25-chrom-000m823a202\/"},"modified":"2026-04-07T09:34:34","modified_gmt":"2026-04-07T09:34:34","slug":"vario-term-rozeta-podwojna-3-4-fi-25-chrom-000m823a202","status":"publish","type":"product","link":"https:\/\/e-systemygrzewcze.eu\/sklep\/produkt\/vario-term-rozeta-podwojna-3-4-fi-25-chrom-000m823a202\/","title":{"rendered":"VARIO TERM Rozeta podw\u00f3jna 3\/4&#8243; FI 25 chrom (000M823A202)"},"content":{"rendered":"<h3 style=\"text-align: center;\" data-start=\"0\" data-end=\"77\">! TOWAR POWYSTAWOWY !<\/h3>\n<h3 data-start=\"0\" data-end=\"71\">\ud83d\udd27 <strong data-start=\"7\" data-end=\"69\">VARIO TERM Rozeta podw\u00f3jna 3\/4\u2033 FI25 \u2013 chrom (000M823A202)<\/strong><\/h3>\n<p data-start=\"73\" data-end=\"431\"><strong data-start=\"73\" data-end=\"133\">VARIO TERM Rozeta podw\u00f3jna 3\/4\u2033 FI25 chrom (000M823A202)<\/strong> to stylowy element wyko\u0144czeniowy instalacji wodno-grzewczych, s\u0142u\u017c\u0105cy do <strong data-start=\"207\" data-end=\"254\">maskowania dw\u00f3ch r\u00f3wnoleg\u0142ych przy\u0142\u0105czy rur<\/strong> (np. przy\u0142\u0105cza zasilania i powrotu grzejnika). Dzi\u0119ki eleganckiemu chromowanemu wyko\u0144czeniu doskonale pasuje do nowoczesnych wn\u0119trz \u0142azienek, kuchni i pomieszcze\u0144 technicznych.<\/p>\n<hr data-start=\"433\" data-end=\"436\" \/>\n<h2 data-start=\"438\" data-end=\"457\">\u2705 Cechy produktu<\/h2>\n<ul data-start=\"458\" data-end=\"803\">\n<li data-start=\"458\" data-end=\"486\">\n<p data-start=\"460\" data-end=\"486\"><strong data-start=\"460\" data-end=\"468\">Typ:<\/strong> rozeta podw\u00f3jna<\/p>\n<\/li>\n<li data-start=\"487\" data-end=\"514\">\n<p data-start=\"489\" data-end=\"514\"><strong data-start=\"489\" data-end=\"503\">Przy\u0142\u0105cze:<\/strong> <strong data-start=\"504\" data-end=\"512\">3\/4\u2033<\/strong><\/p>\n<\/li>\n<li data-start=\"515\" data-end=\"558\">\n<p data-start=\"517\" data-end=\"558\"><strong data-start=\"517\" data-end=\"546\">\u015arednica wewn\u0119trzna (FI):<\/strong> <strong data-start=\"547\" data-end=\"556\">25 mm<\/strong><\/p>\n<\/li>\n<li data-start=\"559\" data-end=\"617\">\n<p data-start=\"561\" data-end=\"617\"><strong data-start=\"561\" data-end=\"585\">Kolor \/ wyko\u0144czenie:<\/strong> <strong data-start=\"586\" data-end=\"595\">chrom<\/strong> \u2013 po\u0142ysk i estetyka<\/p>\n<\/li>\n<li data-start=\"618\" data-end=\"686\">\n<p data-start=\"620\" data-end=\"686\"><strong data-start=\"620\" data-end=\"633\">Materia\u0142:<\/strong> wysokiej jako\u015bci tworzywo\/metal z pow\u0142ok\u0105 chromow\u0105<\/p>\n<\/li>\n<li data-start=\"687\" data-end=\"753\">\n<p data-start=\"689\" data-end=\"753\"><strong data-start=\"689\" data-end=\"701\">Funkcja:<\/strong> maskowanie otwor\u00f3w monta\u017cowych rur instalacyjnych<\/p>\n<\/li>\n<li data-start=\"754\" data-end=\"803\">\n<p data-start=\"756\" data-end=\"803\"><strong data-start=\"756\" data-end=\"774\">Przeznaczenie:<\/strong> przy\u0142\u0105cza wodne i grzewcze<\/p>\n<\/li>\n<\/ul>\n<hr data-start=\"805\" data-end=\"808\" \/>\n<h2 data-start=\"810\" data-end=\"828\">\u2699\ufe0f Zastosowanie<\/h2>\n<ul data-start=\"829\" data-end=\"1146\">\n<li data-start=\"829\" data-end=\"908\">\n<p data-start=\"831\" data-end=\"908\"><strong data-start=\"831\" data-end=\"855\">Instalacje grzewcze:<\/strong> maskowanie przy\u0142\u0105czy zasilania i powrotu grzejnika<\/p>\n<\/li>\n<li data-start=\"909\" data-end=\"985\">\n<p data-start=\"911\" data-end=\"985\"><strong data-start=\"911\" data-end=\"932\">Instalacje wodne:<\/strong> zakrycie rur przy umywalkach, bidetach, natryskach<\/p>\n<\/li>\n<li data-start=\"986\" data-end=\"1068\">\n<p data-start=\"988\" data-end=\"1068\"><strong data-start=\"988\" data-end=\"1030\">Nowoczesne aran\u017cacje \u0142azienek i kuchni<\/strong> \u2013 estetyczne wyko\u0144czenie instalacji<\/p>\n<\/li>\n<li data-start=\"1069\" data-end=\"1146\">\n<p data-start=\"1071\" data-end=\"1146\"><strong data-start=\"1071\" data-end=\"1097\">Remonty i modernizacje<\/strong> \u2013 eleganckie dopasowanie do element\u00f3w armatury<\/p>\n<\/li>\n<\/ul>\n<hr data-start=\"1148\" data-end=\"1151\" \/>\n<h3 data-start=\"1153\" data-end=\"1172\">\ud83d\udcdd Podsumowanie<\/h3>\n<p data-start=\"1173\" data-end=\"1421\"><strong data-start=\"1173\" data-end=\"1233\">VARIO TERM Rozeta podw\u00f3jna 3\/4\u2033 FI25 chrom (000M823A202)<\/strong> to praktyczny i estetyczny element maskuj\u0105cy przy\u0142\u0105cza rur o wi\u0119kszej \u015brednicy (25 mm). Chromowana powierzchnia zapewnia eleganckie wyko\u0144czenie instalacji, idealne do nowoczesnych wn\u0119trz.<\/p>\n","protected":false},"excerpt":{"rendered":"<p><strong>VARIO TERM Rozeta podw\u00f3jna 3\/4\u2033 FI25 chrom (000M823A202) to praktyczny i estetyczny element maskuj\u0105cy przy\u0142\u0105cza rur o wi\u0119kszej \u015brednicy (25 mm). Chromowana powierzchnia zapewnia eleganckie wyko\u0144czenie instalacji, idealne do nowoczesnych wn\u0119trz.<\/strong><\/p>\n","protected":false},"featured_media":10139,"template":"","meta":{"_kad_blocks_custom_css":"","_kad_blocks_head_custom_js":"","_kad_blocks_body_custom_js":"","_kad_blocks_footer_custom_js":"","_kad_post_transparent":"default","_kad_post_title":"","_kad_post_layout":"default","_kad_post_sidebar_id":"","_kad_post_content_style":"default","_kad_post_vertical_padding":"default","_kad_post_feature":"","_kad_post_feature_position":"","_kad_post_header":false,"_kad_post_footer":false,"_kad_post_classname":""},"product_brand":[415],"product_cat":[291],"product_tag":[],"class_list":{"0":"post-10144","1":"product","2":"type-product","3":"status-publish","4":"has-post-thumbnail","6":"product_brand-vario-term","7":"product_cat-wyprzedaz","8":"product_shipping_class-drobnica","10":"first","11":"instock","12":"taxable","13":"shipping-taxable","14":"purchasable","15":"product-type-simple","16":"entry","17":"content-bg","18":"loop-entry"},"taxonomy_info":{"product_brand":[{"value":415,"label":"Vario Term"}],"product_cat":[{"value":291,"label":"Wyprzeda\u017c"}]},"featured_image_src_large":["https:\/\/e-systemygrzewcze.eu\/sklep\/wp-content\/uploads\/2026\/01\/Nowy-projekt-69.jpg",510,587,false],"author_info":[],"comment_info":"","_links":{"self":[{"href":"https:\/\/e-systemygrzewcze.eu\/sklep\/wp-json\/wp\/v2\/product\/10144","targetHints":{"allow":["GET"]}}],"collection":[{"href":"https:\/\/e-systemygrzewcze.eu\/sklep\/wp-json\/wp\/v2\/product"}],"about":[{"href":"https:\/\/e-systemygrzewcze.eu\/sklep\/wp-json\/wp\/v2\/types\/product"}],"wp:featuredmedia":[{"embeddable":true,"href":"https:\/\/e-systemygrzewcze.eu\/sklep\/wp-json\/wp\/v2\/media\/10139"}],"wp:attachment":[{"href":"https:\/\/e-systemygrzewcze.eu\/sklep\/wp-json\/wp\/v2\/media?parent=10144"}],"wp:term":[{"taxonomy":"product_brand","embeddable":true,"href":"https:\/\/e-systemygrzewcze.eu\/sklep\/wp-json\/wp\/v2\/product_brand?post=10144"},{"taxonomy":"product_cat","embeddable":true,"href":"https:\/\/e-systemygrzewcze.eu\/sklep\/wp-json\/wp\/v2\/product_cat?post=10144"},{"taxonomy":"product_tag","embeddable":true,"href":"https:\/\/e-systemygrzewcze.eu\/sklep\/wp-json\/wp\/v2\/product_tag?post=10144"}],"curies":[{"name":"wp","href":"https:\/\/api.w.org\/{rel}","templated":true}]}}