{"id":10141,"date":"2026-01-28T12:33:22","date_gmt":"2026-01-28T12:33:22","guid":{"rendered":"https:\/\/e-systemygrzewcze.eu\/sklep\/produkt\/vario-term-rozeta-podwojna-1-2-fi22-czarny-00m823a014\/"},"modified":"2026-04-07T09:34:42","modified_gmt":"2026-04-07T09:34:42","slug":"vario-term-rozeta-podwojna-1-2-fi22-czarny-00m823a014","status":"publish","type":"product","link":"https:\/\/e-systemygrzewcze.eu\/sklep\/produkt\/vario-term-rozeta-podwojna-1-2-fi22-czarny-00m823a014\/","title":{"rendered":"VARIO TERM Rozeta podw\u00f3jna 1\/2&#8243; FI22 czarny (00M823A014)"},"content":{"rendered":"<h3 style=\"text-align: center;\" data-start=\"0\" data-end=\"77\">! TOWAR POWYSTAWOWY !<\/h3>\n<h3 data-start=\"0\" data-end=\"71\">\ud83d\udd27 <strong data-start=\"7\" data-end=\"69\">VARIO TERM Rozeta podw\u00f3jna 1\/2\u2033 FI22 \u2013 czarny (00M823A014)<\/strong><\/h3>\n<p data-start=\"73\" data-end=\"379\"><strong data-start=\"73\" data-end=\"133\">VARIO TERM Rozeta podw\u00f3jna 1\/2\u2033 FI22 czarna (00M823A014)<\/strong> to praktyczny element wyko\u0144czeniowy instalacji wodno-grzewczych. S\u0142u\u017cy do <strong data-start=\"208\" data-end=\"265\">maskowania dw\u00f3ch r\u00f3wnoleg\u0142ych przewod\u00f3w lub przy\u0142\u0105czy<\/strong> (np. ciep\u0142ej i zimnej wody, zasilania i powrotu grzejnika), nadaj\u0105c instalacji <strong data-start=\"345\" data-end=\"378\">estetyczny, nowoczesny wygl\u0105d<\/strong>.<\/p>\n<hr data-start=\"381\" data-end=\"384\" \/>\n<h2 data-start=\"386\" data-end=\"405\">\u2705 Cechy produktu<\/h2>\n<ul data-start=\"406\" data-end=\"795\">\n<li data-start=\"406\" data-end=\"434\">\n<p data-start=\"408\" data-end=\"434\"><strong data-start=\"408\" data-end=\"416\">Typ:<\/strong> rozeta podw\u00f3jna<\/p>\n<\/li>\n<li data-start=\"435\" data-end=\"462\">\n<p data-start=\"437\" data-end=\"462\"><strong data-start=\"437\" data-end=\"451\">Przy\u0142\u0105cze:<\/strong> <strong data-start=\"452\" data-end=\"460\">1\/2\u2033<\/strong><\/p>\n<\/li>\n<li data-start=\"463\" data-end=\"506\">\n<p data-start=\"465\" data-end=\"506\"><strong data-start=\"465\" data-end=\"494\">\u015arednica wewn\u0119trzna (FI):<\/strong> <strong data-start=\"495\" data-end=\"504\">22 mm<\/strong><\/p>\n<\/li>\n<li data-start=\"507\" data-end=\"594\">\n<p data-start=\"509\" data-end=\"594\"><strong data-start=\"509\" data-end=\"519\">Kolor:<\/strong> <strong data-start=\"520\" data-end=\"530\">czarny<\/strong> \u2013 elegancki, matowy lub lakierowany (zale\u017cnie od wyko\u0144czenia)<\/p>\n<\/li>\n<li data-start=\"595\" data-end=\"679\">\n<p data-start=\"597\" data-end=\"679\"><strong data-start=\"597\" data-end=\"611\">Materia\u0142y:<\/strong> wysokiej jako\u015bci tworzywo\/metal \u2013 odporne na wilgo\u0107 i uszkodzenia<\/p>\n<\/li>\n<li data-start=\"680\" data-end=\"746\">\n<p data-start=\"682\" data-end=\"746\"><strong data-start=\"682\" data-end=\"694\">Funkcja:<\/strong> maskowanie otwor\u00f3w monta\u017cowych rur instalacyjnych<\/p>\n<\/li>\n<li data-start=\"747\" data-end=\"795\">\n<p data-start=\"749\" data-end=\"795\"><strong data-start=\"749\" data-end=\"766\">Zastosowanie:<\/strong> przy\u0142\u0105cza wodne i grzewcze<\/p>\n<\/li>\n<\/ul>\n<hr data-start=\"797\" data-end=\"800\" \/>\n<h2 data-start=\"802\" data-end=\"820\">\u2699\ufe0f Zastosowanie<\/h2>\n<ul data-start=\"821\" data-end=\"1132\">\n<li data-start=\"821\" data-end=\"901\">\n<p data-start=\"823\" data-end=\"901\"><strong data-start=\"823\" data-end=\"864\">Rozety przy przy\u0142\u0105czach grzejnikowych<\/strong> \u2013 zakrycie rur zasilania i powrotu<\/p>\n<\/li>\n<li data-start=\"902\" data-end=\"976\">\n<p data-start=\"904\" data-end=\"976\"><strong data-start=\"904\" data-end=\"947\">Maskowanie przy\u0142\u0105czy umywalek i bidet\u00f3w<\/strong> \u2013 czysta estetyka \u0142azienki<\/p>\n<\/li>\n<li data-start=\"977\" data-end=\"1054\">\n<p data-start=\"979\" data-end=\"1054\"><strong data-start=\"979\" data-end=\"1010\">Instalacje wodne i grzewcze<\/strong> \u2013 element wyko\u0144czenia otwor\u00f3w monta\u017cowych<\/p>\n<\/li>\n<li data-start=\"1055\" data-end=\"1132\">\n<p data-start=\"1057\" data-end=\"1132\"><strong data-start=\"1057\" data-end=\"1083\">Remonty i modernizacje<\/strong> \u2013 dopasowanie do nowoczesnych aran\u017cacji wn\u0119trz<\/p>\n<\/li>\n<\/ul>\n<hr data-start=\"1134\" data-end=\"1137\" \/>\n<h3 data-start=\"1139\" data-end=\"1158\">\ud83d\udcdd Podsumowanie<\/h3>\n<p data-start=\"1159\" data-end=\"1428\"><strong data-start=\"1159\" data-end=\"1219\">VARIO TERM Rozeta podw\u00f3jna 1\/2\u2033 FI22 czarny (00M823A014)<\/strong> to funkcjonalny i stylowy element wyko\u0144czeniowy instalacji. Czarny kolor \u015bwietnie wpisuje si\u0119 w nowoczesne aran\u017cacje \u0142azienek i kuchni, maskuj\u0105c przy\u0142\u0105cza i stworz\u0105c estetyczne, sp\u00f3jne wyko\u0144czenie instalacji.<\/p>\n","protected":false},"excerpt":{"rendered":"<p><strong>VARIO TERM Rozeta podw\u00f3jna 1\/2\u2033 FI22 czarny (00M823A014) to funkcjonalny i stylowy element wyko\u0144czeniowy instalacji. Czarny kolor \u015bwietnie wpisuje si\u0119 w nowoczesne aran\u017cacje \u0142azienek i kuchni, maskuj\u0105c przy\u0142\u0105cza i stworz\u0105c estetyczne, sp\u00f3jne wyko\u0144czenie instalacji.<\/strong><\/p>\n","protected":false},"featured_media":10142,"template":"","meta":{"_kad_blocks_custom_css":"","_kad_blocks_head_custom_js":"","_kad_blocks_body_custom_js":"","_kad_blocks_footer_custom_js":"","_kad_post_transparent":"default","_kad_post_title":"","_kad_post_layout":"default","_kad_post_sidebar_id":"","_kad_post_content_style":"default","_kad_post_vertical_padding":"default","_kad_post_feature":"","_kad_post_feature_position":"","_kad_post_header":false,"_kad_post_footer":false,"_kad_post_classname":""},"product_brand":[415],"product_cat":[291],"product_tag":[],"class_list":{"0":"post-10141","1":"product","2":"type-product","3":"status-publish","4":"has-post-thumbnail","6":"product_brand-vario-term","7":"product_cat-wyprzedaz","8":"product_shipping_class-drobnica","10":"first","11":"instock","12":"taxable","13":"shipping-taxable","14":"purchasable","15":"product-type-simple","16":"entry","17":"content-bg","18":"loop-entry"},"taxonomy_info":{"product_brand":[{"value":415,"label":"Vario Term"}],"product_cat":[{"value":291,"label":"Wyprzeda\u017c"}]},"featured_image_src_large":["https:\/\/e-systemygrzewcze.eu\/sklep\/wp-content\/uploads\/2026\/01\/Nowy-projekt-70.jpg",510,587,false],"author_info":[],"comment_info":"","_links":{"self":[{"href":"https:\/\/e-systemygrzewcze.eu\/sklep\/wp-json\/wp\/v2\/product\/10141","targetHints":{"allow":["GET"]}}],"collection":[{"href":"https:\/\/e-systemygrzewcze.eu\/sklep\/wp-json\/wp\/v2\/product"}],"about":[{"href":"https:\/\/e-systemygrzewcze.eu\/sklep\/wp-json\/wp\/v2\/types\/product"}],"wp:featuredmedia":[{"embeddable":true,"href":"https:\/\/e-systemygrzewcze.eu\/sklep\/wp-json\/wp\/v2\/media\/10142"}],"wp:attachment":[{"href":"https:\/\/e-systemygrzewcze.eu\/sklep\/wp-json\/wp\/v2\/media?parent=10141"}],"wp:term":[{"taxonomy":"product_brand","embeddable":true,"href":"https:\/\/e-systemygrzewcze.eu\/sklep\/wp-json\/wp\/v2\/product_brand?post=10141"},{"taxonomy":"product_cat","embeddable":true,"href":"https:\/\/e-systemygrzewcze.eu\/sklep\/wp-json\/wp\/v2\/product_cat?post=10141"},{"taxonomy":"product_tag","embeddable":true,"href":"https:\/\/e-systemygrzewcze.eu\/sklep\/wp-json\/wp\/v2\/product_tag?post=10141"}],"curies":[{"name":"wp","href":"https:\/\/api.w.org\/{rel}","templated":true}]}}