{"id":10138,"date":"2026-01-28T12:28:49","date_gmt":"2026-01-28T12:28:49","guid":{"rendered":"https:\/\/e-systemygrzewcze.eu\/sklep\/produkt\/vario-term-rozeta-podwojna-1-2-fi22-chrom-00m823a002\/"},"modified":"2026-03-30T13:17:45","modified_gmt":"2026-03-30T13:17:45","slug":"vario-term-rozeta-podwojna-1-2-fi22-chrom-00m823a002","status":"publish","type":"product","link":"https:\/\/e-systemygrzewcze.eu\/sklep\/produkt\/vario-term-rozeta-podwojna-1-2-fi22-chrom-00m823a002\/","title":{"rendered":"VARIO TERM Rozeta podw\u00f3jna 1\/2&#8243; FI22 chrom (00M823A002)"},"content":{"rendered":"<h3 style=\"text-align: center;\" data-start=\"0\" data-end=\"77\">! TOWAR POWYSTAWOWY !<\/h3>\n<h3 data-start=\"0\" data-end=\"70\">\ud83d\udd27 <strong data-start=\"7\" data-end=\"68\">VARIO TERM Rozeta podw\u00f3jna 1\/2\u2033 FI22 \u2013 chrom (00M823A002)<\/strong><\/h3>\n<p data-start=\"72\" data-end=\"364\"><strong data-start=\"72\" data-end=\"113\">Rozeta podw\u00f3jna VARIO TERM 00M823A002<\/strong> to estetyczne wyko\u0144czenie przy\u0142\u0105czy instalacji wodno-grzewczych. Stosowana jest do <strong data-start=\"197\" data-end=\"247\">maskowania otwor\u00f3w monta\u017cowych rur i przewod\u00f3w<\/strong> (np. przy grzejnikach, przy\u0142\u0105czach umywalek, bidet\u00f3w) \u2014 nadaje profesjonalny i schludny wygl\u0105d elementom instalacji.<\/p>\n<hr data-start=\"366\" data-end=\"369\" \/>\n<h2 data-start=\"371\" data-end=\"390\">\u2705 Cechy produktu<\/h2>\n<ul data-start=\"391\" data-end=\"797\">\n<li data-start=\"391\" data-end=\"419\">\n<p data-start=\"393\" data-end=\"419\"><strong data-start=\"393\" data-end=\"401\">Typ:<\/strong> rozeta podw\u00f3jna<\/p>\n<\/li>\n<li data-start=\"420\" data-end=\"447\">\n<p data-start=\"422\" data-end=\"447\"><strong data-start=\"422\" data-end=\"436\">Przy\u0142\u0105cze:<\/strong> <strong data-start=\"437\" data-end=\"445\">1\/2\u2033<\/strong><\/p>\n<\/li>\n<li data-start=\"448\" data-end=\"491\">\n<p data-start=\"450\" data-end=\"491\"><strong data-start=\"450\" data-end=\"479\">\u015arednica wewn\u0119trzna (FI):<\/strong> <strong data-start=\"480\" data-end=\"489\">22 mm<\/strong><\/p>\n<\/li>\n<li data-start=\"492\" data-end=\"553\">\n<p data-start=\"494\" data-end=\"553\"><strong data-start=\"494\" data-end=\"510\">Wyko\u0144czenie:<\/strong> <strong data-start=\"511\" data-end=\"520\">chrom<\/strong> \u2013 elegancki, b\u0142yszcz\u0105cy wygl\u0105d<\/p>\n<\/li>\n<li data-start=\"554\" data-end=\"643\">\n<p data-start=\"556\" data-end=\"643\"><strong data-start=\"556\" data-end=\"573\">Zastosowanie:<\/strong> maskowanie dw\u00f3ch r\u00f3wnoleg\u0142ych przy\u0142\u0105czy (np. ciep\u0142ej i zimnej wody)<\/p>\n<\/li>\n<li data-start=\"644\" data-end=\"739\">\n<p data-start=\"646\" data-end=\"739\"><strong data-start=\"646\" data-end=\"659\">Materia\u0142:<\/strong> tworzywo\/metallizowane elementy o wysokiej odporno\u015bci na uszkodzenia i wilgo\u0107<\/p>\n<\/li>\n<li data-start=\"740\" data-end=\"797\">\n<p data-start=\"742\" data-end=\"797\"><strong data-start=\"742\" data-end=\"755\">Estetyka:<\/strong> idealna do nowoczesnych \u0142azienek i kuchni<\/p>\n<\/li>\n<\/ul>\n<hr data-start=\"799\" data-end=\"802\" \/>\n<h2 data-start=\"804\" data-end=\"822\">\u2699\ufe0f Zastosowanie<\/h2>\n<ul data-start=\"823\" data-end=\"1129\">\n<li data-start=\"823\" data-end=\"886\">\n<p data-start=\"825\" data-end=\"886\"><strong data-start=\"825\" data-end=\"850\">Przy\u0142\u0105cza grzejnikowe<\/strong> \u2013 maskowanie rur przy grzejnikach<\/p>\n<\/li>\n<li data-start=\"887\" data-end=\"974\">\n<p data-start=\"889\" data-end=\"974\"><strong data-start=\"889\" data-end=\"921\">Przy\u0142\u0105cza umywalek i bidet\u00f3w<\/strong> \u2013 estetyczne wyko\u0144czenie przy\u0142\u0105czy C.W.U. i Z.W.U.<\/p>\n<\/li>\n<li data-start=\"975\" data-end=\"1051\">\n<p data-start=\"977\" data-end=\"1051\"><strong data-start=\"977\" data-end=\"1008\">Instalacje wodne i grzewcze<\/strong> \u2013 punktowe zakrycie przej\u015b\u0107 przez \u015bcian\u0119<\/p>\n<\/li>\n<li data-start=\"1052\" data-end=\"1129\">\n<p data-start=\"1054\" data-end=\"1129\"><strong data-start=\"1054\" data-end=\"1080\">Remonty i modernizacje<\/strong> \u2013 eleganckie uzupe\u0142nienie istniej\u0105cej instalacji<\/p>\n<\/li>\n<\/ul>\n<hr data-start=\"1131\" data-end=\"1134\" \/>\n<h3 data-start=\"1136\" data-end=\"1155\">\ud83d\udcdd Podsumowanie<\/h3>\n<p data-start=\"1156\" data-end=\"1458\"><strong data-start=\"1156\" data-end=\"1215\">VARIO TERM Rozeta podw\u00f3jna 1\/2\u2033 FI22 chrom (00M823A002)<\/strong> to praktyczny i estetyczny element wyko\u0144czeniowy instalacji wodno-grzewczej. Chromowane wyko\u0144czenie i podw\u00f3jna konstrukcja sprawiaj\u0105, \u017ce jest idealnym rozwi\u0105zaniem do maskowania przy\u0142\u0105czy w \u0142azienkach, kuchniach i innych punktach poboru wody.<\/p>\n","protected":false},"excerpt":{"rendered":"<p><strong>VARIO TERM Rozeta podw\u00f3jna 1\/2\u2033 FI22 chrom (00M823A002) to praktyczny i estetyczny element wyko\u0144czeniowy instalacji wodno-grzewczej. Chromowane wyko\u0144czenie i podw\u00f3jna konstrukcja sprawiaj\u0105, \u017ce jest idealnym rozwi\u0105zaniem do maskowania przy\u0142\u0105czy w \u0142azienkach, kuchniach i innych punktach poboru wody.<\/strong><\/p>\n","protected":false},"featured_media":10139,"template":"","meta":{"_kad_blocks_custom_css":"","_kad_blocks_head_custom_js":"","_kad_blocks_body_custom_js":"","_kad_blocks_footer_custom_js":"","_kad_post_transparent":"default","_kad_post_title":"","_kad_post_layout":"default","_kad_post_sidebar_id":"","_kad_post_content_style":"default","_kad_post_vertical_padding":"default","_kad_post_feature":"","_kad_post_feature_position":"","_kad_post_header":false,"_kad_post_footer":false,"_kad_post_classname":""},"product_brand":[415],"product_cat":[291],"product_tag":[],"class_list":{"0":"post-10138","1":"product","2":"type-product","3":"status-publish","4":"has-post-thumbnail","6":"product_brand-vario-term","7":"product_cat-wyprzedaz","8":"product_shipping_class-drobnica","10":"first","11":"instock","12":"taxable","13":"shipping-taxable","14":"purchasable","15":"product-type-simple","16":"entry","17":"content-bg","18":"loop-entry"},"taxonomy_info":{"product_brand":[{"value":415,"label":"Vario Term"}],"product_cat":[{"value":291,"label":"Wyprzeda\u017c"}]},"featured_image_src_large":["https:\/\/e-systemygrzewcze.eu\/sklep\/wp-content\/uploads\/2026\/01\/Nowy-projekt-69.jpg",510,587,false],"author_info":[],"comment_info":"","_links":{"self":[{"href":"https:\/\/e-systemygrzewcze.eu\/sklep\/wp-json\/wp\/v2\/product\/10138","targetHints":{"allow":["GET"]}}],"collection":[{"href":"https:\/\/e-systemygrzewcze.eu\/sklep\/wp-json\/wp\/v2\/product"}],"about":[{"href":"https:\/\/e-systemygrzewcze.eu\/sklep\/wp-json\/wp\/v2\/types\/product"}],"wp:featuredmedia":[{"embeddable":true,"href":"https:\/\/e-systemygrzewcze.eu\/sklep\/wp-json\/wp\/v2\/media\/10139"}],"wp:attachment":[{"href":"https:\/\/e-systemygrzewcze.eu\/sklep\/wp-json\/wp\/v2\/media?parent=10138"}],"wp:term":[{"taxonomy":"product_brand","embeddable":true,"href":"https:\/\/e-systemygrzewcze.eu\/sklep\/wp-json\/wp\/v2\/product_brand?post=10138"},{"taxonomy":"product_cat","embeddable":true,"href":"https:\/\/e-systemygrzewcze.eu\/sklep\/wp-json\/wp\/v2\/product_cat?post=10138"},{"taxonomy":"product_tag","embeddable":true,"href":"https:\/\/e-systemygrzewcze.eu\/sklep\/wp-json\/wp\/v2\/product_tag?post=10138"}],"curies":[{"name":"wp","href":"https:\/\/api.w.org\/{rel}","templated":true}]}}