{"id":10114,"date":"2026-01-28T07:08:22","date_gmt":"2026-01-28T07:08:22","guid":{"rendered":"https:\/\/e-systemygrzewcze.eu\/sklep\/produkt\/wita-zawor-mieszajacy-4-drogowy-1-kvs-10-007025\/"},"modified":"2026-04-09T08:46:17","modified_gmt":"2026-04-09T08:46:17","slug":"wita-zawor-mieszajacy-4-drogowy-1-kvs-10-007025","status":"publish","type":"product","link":"https:\/\/e-systemygrzewcze.eu\/sklep\/produkt\/wita-zawor-mieszajacy-4-drogowy-1-kvs-10-007025\/","title":{"rendered":"WITA Zaw\u00f3r mieszaj\u0105cy 4-drogowy 1&#8243; ,Kvs-10  (007025)"},"content":{"rendered":"<h3 data-start=\"112\" data-end=\"178\"><strong data-start=\"116\" data-end=\"178\">WITA Zaw\u00f3r mieszaj\u0105cy 4-drogowy MINIMIX 1\u2033 Kvs 10 (007025)<\/strong><\/h3>\n<p data-start=\"180\" data-end=\"574\">WITA MINIMIX 007025 to kompaktowy 4-drogowy zaw\u00f3r mieszaj\u0105cy do ma\u0142ych i \u015brednich instalacji centralnego ogrzewania, kt\u00f3ry stabilizuje temperatur\u0119 wody zasilaj\u0105cej i podwy\u017csza temperatur\u0119 powrotu do kot\u0142a, chroni\u0105c go przed korozj\u0105 niskotemperaturow\u0105.<br data-start=\"431\" data-end=\"434\" \/>Mo\u017ce pracowa\u0107 r\u0119cznie lub w pe\u0142ni automatycznie ze si\u0142ownikiem WITA SM 4, zapewniaj\u0105c komfortow\u0105 i precyzyjn\u0105 regulacj\u0119 instalacji \ud83d\udd25\ud83d\udca7\ud83d\udee0\ufe0f<\/p>\n<hr data-start=\"576\" data-end=\"579\" \/>\n<h3 data-start=\"581\" data-end=\"607\"><strong data-start=\"585\" data-end=\"607\">\ud83d\udcca Dane techniczne<\/strong><\/h3>\n<ul data-start=\"609\" data-end=\"1234\">\n<li data-start=\"609\" data-end=\"628\">\n<p data-start=\"611\" data-end=\"628\">Producent: WITA<\/p>\n<\/li>\n<li data-start=\"629\" data-end=\"647\">\n<p data-start=\"631\" data-end=\"647\">Seria: MINIMIX<\/p>\n<\/li>\n<li data-start=\"648\" data-end=\"665\">\n<p data-start=\"650\" data-end=\"665\">Model: 007025<\/p>\n<\/li>\n<li data-start=\"666\" data-end=\"702\">\n<p data-start=\"668\" data-end=\"702\">Typ zaworu: Mieszaj\u0105cy 4-drogowy<\/p>\n<\/li>\n<li data-start=\"703\" data-end=\"738\">\n<p data-start=\"705\" data-end=\"738\">Materia\u0142 korpusu: Mosi\u0105dz MS 58<\/p>\n<\/li>\n<li data-start=\"739\" data-end=\"773\">\n<p data-start=\"741\" data-end=\"773\">Materia\u0142 grzyba: Mosi\u0105dz MS 58<\/p>\n<\/li>\n<li data-start=\"774\" data-end=\"809\">\n<p data-start=\"776\" data-end=\"809\">Materia\u0142 pokrywy: Mosi\u0105dz MS 58<\/p>\n<\/li>\n<li data-start=\"810\" data-end=\"856\">\n<p data-start=\"812\" data-end=\"856\">Uszczelnienie grzyba: Podw\u00f3jny O-ring EPDM<\/p>\n<\/li>\n<li data-start=\"857\" data-end=\"895\">\n<p data-start=\"859\" data-end=\"895\">Uszczelnienie pokrywy: O-ring EPDM<\/p>\n<\/li>\n<li data-start=\"896\" data-end=\"931\">\n<p data-start=\"898\" data-end=\"931\">Maks. ci\u015bnienie robocze: 10 bar<\/p>\n<\/li>\n<li data-start=\"932\" data-end=\"965\">\n<p data-start=\"934\" data-end=\"965\">Maks. temperatura wody: 110\u00b0C<\/p>\n<\/li>\n<li data-start=\"966\" data-end=\"995\">\n<p data-start=\"968\" data-end=\"995\">Zakres obrotu grzyba: 90\u00b0<\/p>\n<\/li>\n<li data-start=\"996\" data-end=\"1043\">\n<p data-start=\"998\" data-end=\"1043\">Fabryczne ustawienie: Powr\u00f3t z lewej strony<\/p>\n<\/li>\n<li data-start=\"1044\" data-end=\"1082\">\n<p data-start=\"1046\" data-end=\"1082\">R\u0105czka ze skal\u0105: Tworzywo sztuczne<\/p>\n<\/li>\n<li data-start=\"1083\" data-end=\"1108\">\n<p data-start=\"1085\" data-end=\"1108\">Gwinty wewn\u0119trzne: 1\u2033<\/p>\n<\/li>\n<li data-start=\"1109\" data-end=\"1136\">\n<p data-start=\"1111\" data-end=\"1136\">Gwinty zewn\u0119trzne: 5\/4\u2033<\/p>\n<\/li>\n<li data-start=\"1137\" data-end=\"1182\">\n<p data-start=\"1139\" data-end=\"1182\">Sterowanie: R\u0119czne lub si\u0142ownik WITA SM 4<\/p>\n<\/li>\n<li data-start=\"1183\" data-end=\"1234\">\n<p data-start=\"1185\" data-end=\"1234\">Zastosowanie: Instalacje centralnego ogrzewania<\/p>\n<\/li>\n<\/ul>\n","protected":false},"excerpt":{"rendered":"<p><strong>WITA MINIMIX 1\u2033 007025 zapewnia precyzyjne mieszanie w instalacjach C.O., stabilizuj\u0105c temperatur\u0119 zasilania i podwy\u017cszaj\u0105c temperatur\u0119 powrotu do kot\u0142a.Kompaktowa konstrukcja z mosi\u0105dzu MS 58 i podw\u00f3jne uszczelnienia EPDM gwarantuj\u0105 trwa\u0142o\u015b\u0107 i niezawodn\u0105 prac\u0119.<\/strong><\/p>\n","protected":false},"featured_media":10115,"template":"","meta":{"_kad_blocks_custom_css":"","_kad_blocks_head_custom_js":"","_kad_blocks_body_custom_js":"","_kad_blocks_footer_custom_js":"","_kad_post_transparent":"default","_kad_post_title":"","_kad_post_layout":"default","_kad_post_sidebar_id":"","_kad_post_content_style":"default","_kad_post_vertical_padding":"default","_kad_post_feature":"","_kad_post_feature_position":"","_kad_post_header":false,"_kad_post_footer":false,"_kad_post_classname":""},"product_brand":[26],"product_cat":[165],"product_tag":[],"class_list":{"0":"post-10114","1":"product","2":"type-product","3":"status-publish","4":"has-post-thumbnail","6":"product_brand-wita","7":"product_cat-zawory-4-drogowe","8":"product_shipping_class-drobnica","10":"first","11":"instock","12":"taxable","13":"shipping-taxable","14":"purchasable","15":"product-type-simple","16":"entry","17":"content-bg","18":"loop-entry"},"taxonomy_info":{"product_brand":[{"value":26,"label":"WITA"}],"product_cat":[{"value":165,"label":"Zawory 4-drogowe do C.O"}]},"featured_image_src_large":["https:\/\/e-systemygrzewcze.eu\/sklep\/wp-content\/uploads\/2026\/01\/Nowy-projekt-2026-01-28T080849.826.jpg",510,587,false],"author_info":[],"comment_info":"","_links":{"self":[{"href":"https:\/\/e-systemygrzewcze.eu\/sklep\/wp-json\/wp\/v2\/product\/10114","targetHints":{"allow":["GET"]}}],"collection":[{"href":"https:\/\/e-systemygrzewcze.eu\/sklep\/wp-json\/wp\/v2\/product"}],"about":[{"href":"https:\/\/e-systemygrzewcze.eu\/sklep\/wp-json\/wp\/v2\/types\/product"}],"wp:featuredmedia":[{"embeddable":true,"href":"https:\/\/e-systemygrzewcze.eu\/sklep\/wp-json\/wp\/v2\/media\/10115"}],"wp:attachment":[{"href":"https:\/\/e-systemygrzewcze.eu\/sklep\/wp-json\/wp\/v2\/media?parent=10114"}],"wp:term":[{"taxonomy":"product_brand","embeddable":true,"href":"https:\/\/e-systemygrzewcze.eu\/sklep\/wp-json\/wp\/v2\/product_brand?post=10114"},{"taxonomy":"product_cat","embeddable":true,"href":"https:\/\/e-systemygrzewcze.eu\/sklep\/wp-json\/wp\/v2\/product_cat?post=10114"},{"taxonomy":"product_tag","embeddable":true,"href":"https:\/\/e-systemygrzewcze.eu\/sklep\/wp-json\/wp\/v2\/product_tag?post=10114"}],"curies":[{"name":"wp","href":"https:\/\/api.w.org\/{rel}","templated":true}]}}