{"id":10111,"date":"2026-01-28T06:20:37","date_gmt":"2026-01-28T06:20:37","guid":{"rendered":"https:\/\/e-systemygrzewcze.eu\/sklep\/produkt\/esbe-przewod-3-zylowy-alz801-ip20-46050300\/"},"modified":"2026-04-09T08:46:23","modified_gmt":"2026-04-09T08:46:23","slug":"esbe-przewod-3-zylowy-alz801-ip20-46050300","status":"publish","type":"product","link":"https:\/\/e-systemygrzewcze.eu\/sklep\/produkt\/esbe-przewod-3-zylowy-alz801-ip20-46050300\/","title":{"rendered":"ESBE Przew\u00f3d 3-\u017cy\u0142owy ALZ801 IP20 (46050300)"},"content":{"rendered":"","protected":false},"excerpt":{"rendered":"<p><strong>ESBE ALZ801 to solidny, 3-\u017cy\u0142owy przew\u00f3d po\u0142\u0105czeniowy do si\u0142ownik\u00f3w ESBE . D\u0142ugo\u015b\u0107 1,6 m zapewnia wygodny monta\u017c, a oryginalne wykonanie gwarantuje niezawodn\u0105 i bezpieczn\u0105 prac\u0119 instalacji <\/strong><\/p>\n","protected":false},"featured_media":10112,"template":"","meta":{"_kad_blocks_custom_css":"","_kad_blocks_head_custom_js":"","_kad_blocks_body_custom_js":"","_kad_blocks_footer_custom_js":"","_kad_post_transparent":"default","_kad_post_title":"","_kad_post_layout":"default","_kad_post_sidebar_id":"","_kad_post_content_style":"default","_kad_post_vertical_padding":"default","_kad_post_feature":"","_kad_post_feature_position":"","_kad_post_header":false,"_kad_post_footer":false,"_kad_post_classname":""},"product_brand":[426],"product_cat":[162],"product_tag":[],"class_list":{"0":"post-10111","1":"product","2":"type-product","3":"status-publish","4":"has-post-thumbnail","6":"product_brand-esbe","7":"product_cat-silowniki","8":"product_shipping_class-drobnica","10":"first","11":"instock","12":"taxable","13":"shipping-taxable","14":"purchasable","15":"product-type-simple","16":"entry","17":"content-bg","18":"loop-entry"},"taxonomy_info":{"product_brand":[{"value":426,"label":"ESBE"}],"product_cat":[{"value":162,"label":"Si\u0142owniki do zawor\u00f3w mieszaj\u0105cych"}]},"featured_image_src_large":["https:\/\/e-systemygrzewcze.eu\/sklep\/wp-content\/uploads\/2026\/01\/Nowy-projekt-2026-01-28T072255.291.jpg",510,587,false],"author_info":[],"comment_info":"","_links":{"self":[{"href":"https:\/\/e-systemygrzewcze.eu\/sklep\/wp-json\/wp\/v2\/product\/10111","targetHints":{"allow":["GET"]}}],"collection":[{"href":"https:\/\/e-systemygrzewcze.eu\/sklep\/wp-json\/wp\/v2\/product"}],"about":[{"href":"https:\/\/e-systemygrzewcze.eu\/sklep\/wp-json\/wp\/v2\/types\/product"}],"wp:featuredmedia":[{"embeddable":true,"href":"https:\/\/e-systemygrzewcze.eu\/sklep\/wp-json\/wp\/v2\/media\/10112"}],"wp:attachment":[{"href":"https:\/\/e-systemygrzewcze.eu\/sklep\/wp-json\/wp\/v2\/media?parent=10111"}],"wp:term":[{"taxonomy":"product_brand","embeddable":true,"href":"https:\/\/e-systemygrzewcze.eu\/sklep\/wp-json\/wp\/v2\/product_brand?post=10111"},{"taxonomy":"product_cat","embeddable":true,"href":"https:\/\/e-systemygrzewcze.eu\/sklep\/wp-json\/wp\/v2\/product_cat?post=10111"},{"taxonomy":"product_tag","embeddable":true,"href":"https:\/\/e-systemygrzewcze.eu\/sklep\/wp-json\/wp\/v2\/product_tag?post=10111"}],"curies":[{"name":"wp","href":"https:\/\/api.w.org\/{rel}","templated":true}]}}