{"id":10096,"date":"2026-01-27T13:04:34","date_gmt":"2026-01-27T13:04:34","guid":{"rendered":"https:\/\/e-systemygrzewcze.eu\/sklep\/produkt\/vario-term-zawory-regulacyjne-katowe-swing-biale-azis06-fk\/"},"modified":"2026-04-09T08:47:50","modified_gmt":"2026-04-09T08:47:50","slug":"vario-term-zawory-regulacyjne-katowe-swing-biale-azis06-fk","status":"publish","type":"product","link":"https:\/\/e-systemygrzewcze.eu\/sklep\/produkt\/vario-term-zawory-regulacyjne-katowe-swing-biale-azis06-fk\/","title":{"rendered":"VARIO TERM Zawory regulacyjne k\u0105towe SWING bia\u0142e (AZIS06\/FK)"},"content":{"rendered":"<h2 data-start=\"98\" data-end=\"166\"><strong data-start=\"102\" data-end=\"166\">VARIO TERM Zawory regulacyjne k\u0105towe SWING bia\u0142e (AZIS06\/FK)<\/strong><\/h2>\n<p data-start=\"190\" data-end=\"604\"><strong data-start=\"190\" data-end=\"239\">Zestaw regulacyjny VARIO TERM SWING AZIS06\/FK<\/strong> to nowoczesne i estetyczne rozwi\u0105zanie do pod\u0142\u0105czania grzejnik\u00f3w w instalacjach centralnego ogrzewania typu <strong data-start=\"348\" data-end=\"363\">dwururowego<\/strong>. Zestaw przeznaczony jest do monta\u017cu <strong data-start=\"401\" data-end=\"435\">po stronie zasilania grzejnika<\/strong> i sk\u0142ada si\u0119 z zaworu regulacyjnego oraz zaworu odcinaj\u0105cego, co umo\u017cliwia zar\u00f3wno precyzyjn\u0105 regulacj\u0119 przep\u0142ywu, jak i \u0142atwe odci\u0119cie grzejnika na potrzeby serwisowe.<\/p>\n<p data-start=\"606\" data-end=\"904\">Zawory z serii <strong data-start=\"621\" data-end=\"630\">SWING<\/strong> wyr\u00f3\u017cniaj\u0105 si\u0119 <strong data-start=\"646\" data-end=\"691\">minimalistycznym, nowoczesnym wzornictwem<\/strong> oraz trwa\u0142\u0105 bia\u0142\u0105 pow\u0142ok\u0105, kt\u00f3ra idealnie komponuje si\u0119 z grzejnikami p\u0142ytowymi i dekoracyjnymi. Dzi\u0119ki temu zestaw nie tylko spe\u0142nia funkcj\u0119 techniczn\u0105, ale r\u00f3wnie\u017c estetycznie uzupe\u0142nia wygl\u0105d ca\u0142ej instalacji.<\/p>\n<p data-start=\"906\" data-end=\"1204\">Zaw\u00f3r regulacyjny umo\u017cliwia <strong data-start=\"934\" data-end=\"975\">hydrauliczne zr\u00f3wnowa\u017cenie instalacji<\/strong>, co pozwala na r\u00f3wnomierne rozprowadzenie ciep\u0142a w budynku i zapobiega przegrzewaniu wybranych pomieszcze\u0144. Zaw\u00f3r odcinaj\u0105cy umo\u017cliwia natomiast szybkie i wygodne od\u0142\u0105czenie grzejnika bez konieczno\u015bci opr\u00f3\u017cniania ca\u0142ego systemu.<\/p>\n<p data-start=\"1206\" data-end=\"1525\">K\u0105towa konstrukcja zawor\u00f3w u\u0142atwia monta\u017c w sytuacjach, gdy rury wychodz\u0105 ze \u015bciany lub pod\u0142ogi, zapewniaj\u0105c jednocze\u015bnie <strong data-start=\"1328\" data-end=\"1374\">czyste i estetyczne prowadzenie instalacji<\/strong>. Zestaw SWING jest kompatybilny z wi\u0119kszo\u015bci\u0105 grzejnik\u00f3w z przy\u0142\u0105czem \u00bd\u201d, co czyni go uniwersalnym rozwi\u0105zaniem do instalacji domowych i komercyjnych.<\/p>\n<hr data-start=\"1527\" data-end=\"1530\" \/>\n<h2 data-start=\"1532\" data-end=\"1557\">\ud83d\udcca <strong data-start=\"1538\" data-end=\"1557\">Dane techniczne<\/strong><\/h2>\n<div class=\"TyagGW_tableContainer\">\n<div class=\"group TyagGW_tableWrapper flex flex-col-reverse w-fit\" tabindex=\"-1\">\n<table class=\"w-fit min-w-(--thread-content-width)\" data-start=\"1559\" data-end=\"1961\">\n<thead data-start=\"1559\" data-end=\"1581\">\n<tr data-start=\"1559\" data-end=\"1581\">\n<th data-start=\"1559\" data-end=\"1570\" data-col-size=\"sm\">Parametr<\/th>\n<th data-start=\"1570\" data-end=\"1581\" data-col-size=\"sm\">Warto\u015b\u0107<\/th>\n<\/tr>\n<\/thead>\n<tbody data-start=\"1602\" data-end=\"1961\">\n<tr data-start=\"1602\" data-end=\"1628\">\n<td data-start=\"1602\" data-end=\"1614\" data-col-size=\"sm\">Producent<\/td>\n<td data-start=\"1614\" data-end=\"1628\" data-col-size=\"sm\">VARIO TERM<\/td>\n<\/tr>\n<tr data-start=\"1629\" data-end=\"1646\">\n<td data-start=\"1629\" data-end=\"1637\" data-col-size=\"sm\">Seria<\/td>\n<td data-start=\"1637\" data-end=\"1646\" data-col-size=\"sm\">SWING<\/td>\n<\/tr>\n<tr data-start=\"1647\" data-end=\"1668\">\n<td data-start=\"1647\" data-end=\"1655\" data-col-size=\"sm\">Model<\/td>\n<td data-start=\"1655\" data-end=\"1668\" data-col-size=\"sm\">AZIS06\/FK<\/td>\n<\/tr>\n<tr data-start=\"1669\" data-end=\"1710\">\n<td data-start=\"1669\" data-end=\"1675\" data-col-size=\"sm\">Typ<\/td>\n<td data-start=\"1675\" data-end=\"1710\" data-col-size=\"sm\">Zestaw regulacyjny do grzejnika<\/td>\n<\/tr>\n<tr data-start=\"1711\" data-end=\"1730\">\n<td data-start=\"1711\" data-end=\"1720\" data-col-size=\"sm\">Wersja<\/td>\n<td data-start=\"1720\" data-end=\"1730\" data-col-size=\"sm\">K\u0105towa<\/td>\n<\/tr>\n<tr data-start=\"1731\" data-end=\"1748\">\n<td data-start=\"1731\" data-end=\"1739\" data-col-size=\"sm\">Kolor<\/td>\n<td data-start=\"1739\" data-end=\"1748\" data-col-size=\"sm\">Bia\u0142y<\/td>\n<\/tr>\n<tr data-start=\"1749\" data-end=\"1775\">\n<td data-start=\"1749\" data-end=\"1758\" data-col-size=\"sm\">Gwinty<\/td>\n<td data-start=\"1758\" data-end=\"1775\" data-col-size=\"sm\">GW \u00bd\u201d \/ GZ \u00bd\u201d<\/td>\n<\/tr>\n<tr data-start=\"1776\" data-end=\"1818\">\n<td data-start=\"1776\" data-end=\"1791\" data-col-size=\"sm\">Zastosowanie<\/td>\n<td data-start=\"1791\" data-end=\"1818\" data-col-size=\"sm\">Instalacje CO dwururowe<\/td>\n<\/tr>\n<tr data-start=\"1819\" data-end=\"1859\">\n<td data-start=\"1819\" data-end=\"1836\" data-col-size=\"sm\">Strona monta\u017cu<\/td>\n<td data-start=\"1836\" data-end=\"1859\" data-col-size=\"sm\">Zasilanie grzejnika<\/td>\n<\/tr>\n<tr data-start=\"1860\" data-end=\"1919\">\n<td data-start=\"1860\" data-end=\"1879\" data-col-size=\"sm\">Elementy zestawu<\/td>\n<td data-start=\"1879\" data-end=\"1919\" data-col-size=\"sm\">Zaw\u00f3r regulacyjny + zaw\u00f3r odcinaj\u0105cy<\/td>\n<\/tr>\n<tr data-start=\"1920\" data-end=\"1961\">\n<td data-start=\"1920\" data-end=\"1937\" data-col-size=\"sm\">Typ instalacji<\/td>\n<td data-start=\"1937\" data-end=\"1961\" data-col-size=\"sm\">Centralne ogrzewanie<\/td>\n<\/tr>\n<\/tbody>\n<\/table>\n<\/div>\n<\/div>\n","protected":false},"excerpt":{"rendered":"<p><strong>Zestaw VARIO TERM SWING to eleganckie i funkcjonalne zawory do grzejnik\u00f3w w instalacjach dwururowych . Umo\u017cliwiaj\u0105 precyzyjn\u0105 regulacj\u0119 oraz wygodne odci\u0119cie grzejnika bez opr\u00f3\u017cniania instalacji . Bia\u0142a, nowoczesna obudowa idealnie komponuje si\u0119 z nowoczesnymi wn\u0119trzami<\/strong><\/p>\n","protected":false},"featured_media":10097,"template":"","meta":{"_kad_blocks_custom_css":"","_kad_blocks_head_custom_js":"","_kad_blocks_body_custom_js":"","_kad_blocks_footer_custom_js":"","_kad_post_transparent":"default","_kad_post_title":"","_kad_post_layout":"default","_kad_post_sidebar_id":"","_kad_post_content_style":"default","_kad_post_vertical_padding":"default","_kad_post_feature":"","_kad_post_feature_position":"","_kad_post_header":false,"_kad_post_footer":false,"_kad_post_classname":""},"product_brand":[415],"product_cat":[349],"product_tag":[],"class_list":{"0":"post-10096","1":"product","2":"type-product","3":"status-publish","4":"has-post-thumbnail","6":"product_brand-vario-term","7":"product_cat-zawory-termostatyczne-grzejniki","8":"product_shipping_class-drobnica","10":"first","11":"instock","12":"taxable","13":"shipping-taxable","14":"purchasable","15":"product-type-simple","16":"entry","17":"content-bg","18":"loop-entry"},"taxonomy_info":{"product_brand":[{"value":415,"label":"Vario Term"}],"product_cat":[{"value":349,"label":"Zawory termostatyczne"}]},"featured_image_src_large":["https:\/\/e-systemygrzewcze.eu\/sklep\/wp-content\/uploads\/2026\/01\/Nowy-projekt-2026-01-27T134504.386.jpg",510,587,false],"author_info":[],"comment_info":"","_links":{"self":[{"href":"https:\/\/e-systemygrzewcze.eu\/sklep\/wp-json\/wp\/v2\/product\/10096","targetHints":{"allow":["GET"]}}],"collection":[{"href":"https:\/\/e-systemygrzewcze.eu\/sklep\/wp-json\/wp\/v2\/product"}],"about":[{"href":"https:\/\/e-systemygrzewcze.eu\/sklep\/wp-json\/wp\/v2\/types\/product"}],"wp:featuredmedia":[{"embeddable":true,"href":"https:\/\/e-systemygrzewcze.eu\/sklep\/wp-json\/wp\/v2\/media\/10097"}],"wp:attachment":[{"href":"https:\/\/e-systemygrzewcze.eu\/sklep\/wp-json\/wp\/v2\/media?parent=10096"}],"wp:term":[{"taxonomy":"product_brand","embeddable":true,"href":"https:\/\/e-systemygrzewcze.eu\/sklep\/wp-json\/wp\/v2\/product_brand?post=10096"},{"taxonomy":"product_cat","embeddable":true,"href":"https:\/\/e-systemygrzewcze.eu\/sklep\/wp-json\/wp\/v2\/product_cat?post=10096"},{"taxonomy":"product_tag","embeddable":true,"href":"https:\/\/e-systemygrzewcze.eu\/sklep\/wp-json\/wp\/v2\/product_tag?post=10096"}],"curies":[{"name":"wp","href":"https:\/\/api.w.org\/{rel}","templated":true}]}}