{"id":10087,"date":"2026-01-27T11:37:02","date_gmt":"2026-01-27T11:37:02","guid":{"rendered":"https:\/\/e-systemygrzewcze.eu\/sklep\/produkt\/danfoss-czujnik-temperatury-zewnetrznej-esmt-pt1000-084n1012\/"},"modified":"2026-04-08T08:16:37","modified_gmt":"2026-04-08T08:16:37","slug":"danfoss-czujnik-temperatury-zewnetrznej-esmt-pt1000-084n1012","status":"publish","type":"product","link":"https:\/\/e-systemygrzewcze.eu\/sklep\/produkt\/danfoss-czujnik-temperatury-zewnetrznej-esmt-pt1000-084n1012\/","title":{"rendered":"DANFOSS Czujnik temperatury zewn\u0119trznej ESMT Pt1000  (084N1012)"},"content":{"rendered":"<div class=\"flex flex-col text-sm pb-25\">\n<article class=\"text-token-text-primary w-full focus:outline-none [--shadow-height:45px] has-data-writing-block:pointer-events-none has-data-writing-block:-mt-(--shadow-height) has-data-writing-block:pt-(--shadow-height) [&amp;:has([data-writing-block])&gt;*]:pointer-events-auto scroll-mt-[calc(var(--header-height)+min(200px,max(70px,20svh)))]\" dir=\"auto\" tabindex=\"-1\" data-turn-id=\"request-698dc8d3-7568-8328-9fb1-5bd806595a20-5\" data-testid=\"conversation-turn-224\" data-scroll-anchor=\"true\" data-turn=\"assistant\">\n<div class=\"text-base my-auto mx-auto pb-10 [--thread-content-margin:--spacing(4)] @w-sm\/main:[--thread-content-margin:--spacing(6)] @w-lg\/main:[--thread-content-margin:--spacing(16)] px-(--thread-content-margin)\">\n<div class=\"[--thread-content-max-width:40rem] @w-lg\/main:[--thread-content-max-width:48rem] mx-auto max-w-(--thread-content-max-width) flex-1 group\/turn-messages focus-visible:outline-hidden relative flex w-full min-w-0 flex-col agent-turn\" tabindex=\"-1\">\n<div class=\"flex max-w-full flex-col grow\">\n<div class=\"min-h-8 text-message relative flex w-full flex-col items-end gap-2 text-start break-words whitespace-normal [.text-message+&amp;]:mt-1\" dir=\"auto\" data-message-author-role=\"assistant\" data-message-id=\"e4edd950-9530-4792-9905-f9b86de7f467\" data-message-model-slug=\"gpt-5-2\">\n<div class=\"flex w-full flex-col gap-1 empty:hidden first:pt-[1px]\">\n<div class=\"markdown prose dark:prose-invert w-full wrap-break-word dark markdown-new-styling\">\n<h2 data-start=\"0\" data-end=\"72\">\ud83c\udf24\ufe0f <strong data-start=\"4\" data-end=\"70\">DANFOSS Czujnik temperatury zewn\u0119trznej ESMT PT1000 (084N1012)<\/strong><\/h2>\n<p data-start=\"0\" data-end=\"72\">Danfoss ESMT to precyzyjny czujnik temperatury zewn\u0119trznej do system\u00f3w grzewczych, pomp ciep\u0142a i automatyki HVAC. Mierzy temperatur\u0119 powietrza wok\u00f3\u0142 budynku i przekazuje dane do sterownika, kt\u00f3ry automatycznie dostosowuje prac\u0119 instalacji do warunk\u00f3w pogodowych \u2013 zwi\u0119kszaj\u0105c komfort i oszcz\u0119dno\u015b\u0107 energii.<\/p>\n<hr data-start=\"400\" data-end=\"403\" \/>\n<h3 data-start=\"405\" data-end=\"435\">\u2b50 <strong data-start=\"411\" data-end=\"435\">Najwa\u017cniejsze zalety<\/strong><\/h3>\n<ul data-start=\"436\" data-end=\"769\">\n<li data-start=\"436\" data-end=\"511\">\n<p data-start=\"438\" data-end=\"511\">Platynowy element pomiarowy <strong data-start=\"466\" data-end=\"476\">PT1000<\/strong> \u2013 wysoka dok\u0142adno\u015b\u0107 i stabilno\u015b\u0107<\/p>\n<\/li>\n<li data-start=\"512\" data-end=\"549\">\n<p data-start=\"514\" data-end=\"549\">Idealny do regulator\u00f3w pogodowych<\/p>\n<\/li>\n<li data-start=\"550\" data-end=\"603\">\n<p data-start=\"552\" data-end=\"603\">Obudowa odporna na warunki atmosferyczne <strong data-start=\"593\" data-end=\"601\">IP54<\/strong><\/p>\n<\/li>\n<li data-start=\"604\" data-end=\"638\">\n<p data-start=\"606\" data-end=\"638\">Stabilna praca przez wiele lat<\/p>\n<\/li>\n<li data-start=\"639\" data-end=\"675\">\n<p data-start=\"641\" data-end=\"675\">Precyzyjne i powtarzalne pomiary<\/p>\n<\/li>\n<li data-start=\"676\" data-end=\"704\">\n<p data-start=\"678\" data-end=\"704\">Prosty monta\u017c na \u015bcianie<\/p>\n<\/li>\n<li data-start=\"705\" data-end=\"737\">\n<p data-start=\"707\" data-end=\"737\">Zestaw monta\u017cowy w komplecie<\/p>\n<\/li>\n<li data-start=\"738\" data-end=\"769\">\n<p data-start=\"740\" data-end=\"769\">Zgodno\u015b\u0107 z norm\u0105 <strong data-start=\"757\" data-end=\"769\">EN 60751<\/strong><\/p>\n<\/li>\n<\/ul>\n<hr data-start=\"771\" data-end=\"774\" \/>\n<h3 data-start=\"776\" data-end=\"802\">\u2699\ufe0f <strong data-start=\"783\" data-end=\"802\">Dane techniczne<\/strong><\/h3>\n<ul data-start=\"803\" data-end=\"1141\">\n<li data-start=\"803\" data-end=\"825\">\n<p data-start=\"805\" data-end=\"825\">Producent: Danfoss<\/p>\n<\/li>\n<li data-start=\"826\" data-end=\"841\">\n<p data-start=\"828\" data-end=\"841\">Model: ESMT<\/p>\n<\/li>\n<li data-start=\"842\" data-end=\"868\">\n<p data-start=\"844\" data-end=\"868\">Kod produktu: 084N1012<\/p>\n<\/li>\n<li data-start=\"869\" data-end=\"909\">\n<p data-start=\"871\" data-end=\"909\">Typ czujnika: temperatura zewn\u0119trzna<\/p>\n<\/li>\n<li data-start=\"910\" data-end=\"939\">\n<p data-start=\"912\" data-end=\"939\">Element pomiarowy: PT1000<\/p>\n<\/li>\n<li data-start=\"940\" data-end=\"965\">\n<p data-start=\"942\" data-end=\"965\">Op\u00f3r przy 0\u00b0C: 1000 \u03a9<\/p>\n<\/li>\n<li data-start=\"966\" data-end=\"985\">\n<p data-start=\"968\" data-end=\"985\">Norma: EN 60751<\/p>\n<\/li>\n<li data-start=\"986\" data-end=\"1011\">\n<p data-start=\"988\" data-end=\"1011\">Stopie\u0144 ochrony: IP54<\/p>\n<\/li>\n<li data-start=\"1012\" data-end=\"1054\">\n<p data-start=\"1014\" data-end=\"1054\">Spos\u00f3b monta\u017cu: na\u015bcienny (zewn\u0119trzny)<\/p>\n<\/li>\n<li data-start=\"1055\" data-end=\"1082\">\n<p data-start=\"1057\" data-end=\"1082\">Odporno\u015b\u0107: wilgo\u0107 i py\u0142<\/p>\n<\/li>\n<li data-start=\"1083\" data-end=\"1107\">\n<p data-start=\"1085\" data-end=\"1107\">Obudowa: wodoodporna<\/p>\n<\/li>\n<li data-start=\"1108\" data-end=\"1141\">\n<p data-start=\"1110\" data-end=\"1141\">Zestaw monta\u017cowy: w komplecie<\/p>\n<\/li>\n<\/ul>\n<hr data-start=\"1143\" data-end=\"1146\" \/>\n<h3 data-start=\"1148\" data-end=\"1171\">\ud83c\udfe0 <strong data-start=\"1155\" data-end=\"1171\">Zastosowanie<\/strong><\/h3>\n<ul data-start=\"1172\" data-end=\"1299\" data-is-last-node=\"\" data-is-only-node=\"\">\n<li data-start=\"1172\" data-end=\"1209\">\n<p data-start=\"1174\" data-end=\"1209\">Instalacje centralnego ogrzewania<\/p>\n<\/li>\n<li data-start=\"1210\" data-end=\"1226\">\n<p data-start=\"1212\" data-end=\"1226\">Pompy ciep\u0142a<\/p>\n<\/li>\n<li data-start=\"1227\" data-end=\"1250\">\n<p data-start=\"1229\" data-end=\"1250\">Automatyka pogodowa<\/p>\n<\/li>\n<li data-start=\"1251\" data-end=\"1267\">\n<p data-start=\"1253\" data-end=\"1267\">Systemy HVAC<\/p>\n<\/li>\n<li data-start=\"1268\" data-end=\"1299\" data-is-last-node=\"\">\n<p data-start=\"1270\" data-end=\"1299\" data-is-last-node=\"\">Budynki mieszkalne i u\u017cytkowe<\/p>\n<\/li>\n<\/ul>\n<\/div>\n<\/div>\n<\/div>\n<\/div>\n<div class=\"z-0 flex min-h-[46px] justify-start\"><\/div>\n<div class=\"mt-3 w-full empty:hidden\">\n<div class=\"text-center\"><\/div>\n<\/div>\n<\/div>\n<\/div>\n<\/article>\n<\/div>\n<div class=\"pointer-events-none h-px w-px absolute bottom-0\" aria-hidden=\"true\" data-edge=\"true\"><\/div>\n","protected":false},"excerpt":{"rendered":"<p><strong>Danfoss ESMT to precyzyjny czujnik temperatury zewn\u0119trznej do system\u00f3w grzewczych, pomp ciep\u0142a i automatyki HVAC. Mierzy temperatur\u0119 powietrza wok\u00f3\u0142 budynku i przekazuje dane do sterownika, kt\u00f3ry automatycznie dostosowuje prac\u0119 instalacji do warunk\u00f3w pogodowych \u2013 zwi\u0119kszaj\u0105c komfort i oszcz\u0119dno\u015b\u0107 energii.<\/strong><\/p>\n","protected":false},"featured_media":10088,"template":"","meta":{"_kad_blocks_custom_css":"","_kad_blocks_head_custom_js":"","_kad_blocks_body_custom_js":"","_kad_blocks_footer_custom_js":"","_kad_post_transparent":"default","_kad_post_title":"","_kad_post_layout":"default","_kad_post_sidebar_id":"","_kad_post_content_style":"default","_kad_post_vertical_padding":"default","_kad_post_feature":"","_kad_post_feature_position":"","_kad_post_header":false,"_kad_post_footer":false,"_kad_post_classname":""},"product_brand":[413],"product_cat":[376],"product_tag":[],"class_list":{"0":"post-10087","1":"product","2":"type-product","3":"status-publish","4":"has-post-thumbnail","6":"product_brand-danfoss","7":"product_cat-wezly-cieplne","8":"product_shipping_class-drobnica","10":"first","11":"instock","12":"taxable","13":"shipping-taxable","14":"purchasable","15":"product-type-simple","16":"entry","17":"content-bg","18":"loop-entry"},"taxonomy_info":{"product_brand":[{"value":413,"label":"Danfoss"}],"product_cat":[{"value":376,"label":"W\u0119z\u0142y cieplne"}]},"featured_image_src_large":["https:\/\/e-systemygrzewcze.eu\/sklep\/wp-content\/uploads\/2026\/01\/Nowy-projekt-2026-01-27T123539.337.jpg",510,587,false],"author_info":[],"comment_info":"","_links":{"self":[{"href":"https:\/\/e-systemygrzewcze.eu\/sklep\/wp-json\/wp\/v2\/product\/10087","targetHints":{"allow":["GET"]}}],"collection":[{"href":"https:\/\/e-systemygrzewcze.eu\/sklep\/wp-json\/wp\/v2\/product"}],"about":[{"href":"https:\/\/e-systemygrzewcze.eu\/sklep\/wp-json\/wp\/v2\/types\/product"}],"wp:featuredmedia":[{"embeddable":true,"href":"https:\/\/e-systemygrzewcze.eu\/sklep\/wp-json\/wp\/v2\/media\/10088"}],"wp:attachment":[{"href":"https:\/\/e-systemygrzewcze.eu\/sklep\/wp-json\/wp\/v2\/media?parent=10087"}],"wp:term":[{"taxonomy":"product_brand","embeddable":true,"href":"https:\/\/e-systemygrzewcze.eu\/sklep\/wp-json\/wp\/v2\/product_brand?post=10087"},{"taxonomy":"product_cat","embeddable":true,"href":"https:\/\/e-systemygrzewcze.eu\/sklep\/wp-json\/wp\/v2\/product_cat?post=10087"},{"taxonomy":"product_tag","embeddable":true,"href":"https:\/\/e-systemygrzewcze.eu\/sklep\/wp-json\/wp\/v2\/product_tag?post=10087"}],"curies":[{"name":"wp","href":"https:\/\/api.w.org\/{rel}","templated":true}]}}