{"id":10069,"date":"2026-01-27T10:19:55","date_gmt":"2026-01-27T10:19:55","guid":{"rendered":"https:\/\/e-systemygrzewcze.eu\/sklep\/produkt\/danfoss-zawor-termostatyczny-mieszajacy-tvm-w-dn20-003z3145\/"},"modified":"2026-04-08T08:16:43","modified_gmt":"2026-04-08T08:16:43","slug":"danfoss-zawor-termostatyczny-mieszajacy-tvm-w-dn20-003z3145","status":"publish","type":"product","link":"https:\/\/e-systemygrzewcze.eu\/sklep\/produkt\/danfoss-zawor-termostatyczny-mieszajacy-tvm-w-dn20-003z3145\/","title":{"rendered":"DANFOSS Zaw\u00f3r termostatyczny mieszaj\u0105cy TVM-W DN20 (003Z3145)"},"content":{"rendered":"<h2 data-start=\"0\" data-end=\"71\">\ud83c\udf21\ufe0f <strong data-start=\"4\" data-end=\"69\">DANFOSS Zaw\u00f3r termostatyczny mieszaj\u0105cy TVM-W DN20 (003Z3145) <\/strong><\/h2>\n<p data-start=\"0\" data-end=\"71\">Danfoss TVM-W DN20 to termostatyczny zaw\u00f3r mieszaj\u0105cy do ciep\u0142ej wody u\u017cytkowej, kt\u00f3ry automatycznie utrzymuje sta\u0142\u0105, bezpieczn\u0105 temperatur\u0119 wody. Chroni u\u017cytkownik\u00f3w przed poparzeniem i zapewnia komfort niezale\u017cnie od waha\u0144 ci\u015bnienia oraz temperatury zasilania.<\/p>\n<hr data-start=\"355\" data-end=\"358\" \/>\n<h3 data-start=\"360\" data-end=\"390\">\u2b50 <strong data-start=\"366\" data-end=\"390\">Najwa\u017cniejsze zalety<\/strong><\/h3>\n<ul data-start=\"391\" data-end=\"799\">\n<li data-start=\"391\" data-end=\"448\">\n<p data-start=\"393\" data-end=\"448\">Sta\u0142a temperatura wody niezale\u017cnie od waha\u0144 zasilania<\/p>\n<\/li>\n<li data-start=\"449\" data-end=\"501\">\n<p data-start=\"451\" data-end=\"501\">Fabryczna nastawa <strong data-start=\"469\" data-end=\"477\">50\u00b0C<\/strong> z mo\u017cliwo\u015bci\u0105 blokady<\/p>\n<\/li>\n<li data-start=\"502\" data-end=\"550\">\n<p data-start=\"504\" data-end=\"550\">Wbudowane zawory zwrotne \u2013 brak cofania wody<\/p>\n<\/li>\n<li data-start=\"551\" data-end=\"630\">\n<p data-start=\"553\" data-end=\"630\">Funkcja bezpiecze\u0144stwa \u2013 automatyczne zamkni\u0119cie przy zaniku jednego medium<\/p>\n<\/li>\n<li data-start=\"631\" data-end=\"668\">\n<p data-start=\"633\" data-end=\"668\">Praca bez zasilania i elektroniki<\/p>\n<\/li>\n<li data-start=\"669\" data-end=\"702\">\n<p data-start=\"671\" data-end=\"702\">Odporna, mosi\u0119\u017cna konstrukcja<\/p>\n<\/li>\n<li data-start=\"703\" data-end=\"754\">\n<p data-start=\"705\" data-end=\"754\">Ochrona przed poparzeniem i bakteri\u0105 Legionella<\/p>\n<\/li>\n<li data-start=\"755\" data-end=\"799\">\n<p data-start=\"757\" data-end=\"799\">Szybki monta\u017c dzi\u0119ki gwintom zewn\u0119trznym<\/p>\n<\/li>\n<\/ul>\n<hr data-start=\"801\" data-end=\"804\" \/>\n<h3 data-start=\"806\" data-end=\"832\">\u2699\ufe0f <strong data-start=\"813\" data-end=\"832\">Dane techniczne<\/strong><\/h3>\n<ul data-start=\"833\" data-end=\"1414\">\n<li data-start=\"833\" data-end=\"855\">\n<p data-start=\"835\" data-end=\"855\">Producent: Danfoss<\/p>\n<\/li>\n<li data-start=\"856\" data-end=\"872\">\n<p data-start=\"858\" data-end=\"872\">Model: TVM-W<\/p>\n<\/li>\n<li data-start=\"873\" data-end=\"890\">\n<p data-start=\"875\" data-end=\"890\">Kod: 003Z3145<\/p>\n<\/li>\n<li data-start=\"891\" data-end=\"931\">\n<p data-start=\"893\" data-end=\"931\">Typ: termostatyczny zaw\u00f3r mieszaj\u0105cy<\/p>\n<\/li>\n<li data-start=\"932\" data-end=\"961\">\n<p data-start=\"934\" data-end=\"961\">\u015arednica nominalna: DN 20<\/p>\n<\/li>\n<li data-start=\"962\" data-end=\"982\">\n<p data-start=\"964\" data-end=\"982\">Warto\u015b\u0107 Kvs: 2,1<\/p>\n<\/li>\n<li data-start=\"983\" data-end=\"1012\">\n<p data-start=\"985\" data-end=\"1012\">Materia\u0142 korpusu: mosi\u0105dz<\/p>\n<\/li>\n<li data-start=\"1013\" data-end=\"1050\">\n<p data-start=\"1015\" data-end=\"1050\">Rodzaj po\u0142\u0105cze\u0144: gwint zewn\u0119trzny<\/p>\n<\/li>\n<li data-start=\"1051\" data-end=\"1077\">\n<p data-start=\"1053\" data-end=\"1077\">Klasa ci\u015bnienia: PN 10<\/p>\n<\/li>\n<li data-start=\"1078\" data-end=\"1117\">\n<p data-start=\"1080\" data-end=\"1117\">Maksymalna temperatura medium: 90\u00b0C<\/p>\n<\/li>\n<li data-start=\"1118\" data-end=\"1169\">\n<p data-start=\"1120\" data-end=\"1169\">Maksymalne ci\u015bnienie r\u00f3\u017cnicowe (otwarty): 5 bar<\/p>\n<\/li>\n<li data-start=\"1170\" data-end=\"1197\">\n<p data-start=\"1172\" data-end=\"1197\">Fabryczna nastawa: 50\u00b0C<\/p>\n<\/li>\n<li data-start=\"1198\" data-end=\"1222\">\n<p data-start=\"1200\" data-end=\"1222\">Blokada nastawy: tak<\/p>\n<\/li>\n<li data-start=\"1223\" data-end=\"1246\">\n<p data-start=\"1225\" data-end=\"1246\">Zawory zwrotne: tak<\/p>\n<\/li>\n<li data-start=\"1247\" data-end=\"1334\">\n<p data-start=\"1249\" data-end=\"1334\">Funkcja bezpiecze\u0144stwa: automatyczne zamkni\u0119cie przy zaniku wody zimnej lub ciep\u0142ej<\/p>\n<\/li>\n<li data-start=\"1335\" data-end=\"1354\">\n<p data-start=\"1337\" data-end=\"1354\">D\u0142ugo\u015b\u0107: 129 mm<\/p>\n<\/li>\n<li data-start=\"1355\" data-end=\"1375\">\n<p data-start=\"1357\" data-end=\"1375\">Szeroko\u015b\u0107: 85 mm<\/p>\n<\/li>\n<li data-start=\"1376\" data-end=\"1395\">\n<p data-start=\"1378\" data-end=\"1395\">Wysoko\u015b\u0107: 50 mm<\/p>\n<\/li>\n<li data-start=\"1396\" data-end=\"1414\">\n<p data-start=\"1398\" data-end=\"1414\">Waga: 0,414 kg<\/p>\n<\/li>\n<\/ul>\n<hr data-start=\"1416\" data-end=\"1419\" \/>\n<h3 data-start=\"1421\" data-end=\"1444\">\ud83c\udfe0 <strong data-start=\"1428\" data-end=\"1444\">Zastosowanie<\/strong><\/h3>\n<ul data-start=\"1445\" data-end=\"1653\" data-is-last-node=\"\" data-is-only-node=\"\">\n<li data-start=\"1445\" data-end=\"1488\">\n<p data-start=\"1447\" data-end=\"1488\">Instalacje ciep\u0142ej wody u\u017cytkowej (CWU)<\/p>\n<\/li>\n<li data-start=\"1489\" data-end=\"1527\">\n<p data-start=\"1491\" data-end=\"1527\">Domy jednorodzinne i wielorodzinne<\/p>\n<\/li>\n<li data-start=\"1528\" data-end=\"1569\">\n<p data-start=\"1530\" data-end=\"1569\">Hotele, szpitale, szko\u0142y, domy opieki<\/p>\n<\/li>\n<li data-start=\"1570\" data-end=\"1600\">\n<p data-start=\"1572\" data-end=\"1600\">Systemy z termodezynfekcj\u0105<\/p>\n<\/li>\n<li data-start=\"1601\" data-end=\"1653\" data-is-last-node=\"\">\n<p data-start=\"1603\" data-end=\"1653\" data-is-last-node=\"\">Punkty poboru wymagaj\u0105ce ochrony przed poparzeniem<\/p>\n<\/li>\n<\/ul>\n","protected":false},"excerpt":{"rendered":"<p><strong>Danfoss TVM-W DN20 to termostatyczny zaw\u00f3r mieszaj\u0105cy do ciep\u0142ej wody u\u017cytkowej, kt\u00f3ry automatycznie utrzymuje sta\u0142\u0105, bezpieczn\u0105 temperatur\u0119 wody. Chroni u\u017cytkownik\u00f3w przed poparzeniem i zapewnia komfort niezale\u017cnie od waha\u0144 ci\u015bnienia oraz temperatury zasilania.<\/strong><\/p>\n","protected":false},"featured_media":10070,"template":"","meta":{"_kad_blocks_custom_css":"","_kad_blocks_head_custom_js":"","_kad_blocks_body_custom_js":"","_kad_blocks_footer_custom_js":"","_kad_post_transparent":"default","_kad_post_title":"","_kad_post_layout":"default","_kad_post_sidebar_id":"","_kad_post_content_style":"default","_kad_post_vertical_padding":"default","_kad_post_feature":"","_kad_post_feature_position":"","_kad_post_header":false,"_kad_post_footer":false,"_kad_post_classname":""},"product_brand":[413],"product_cat":[376],"product_tag":[],"class_list":{"0":"post-10069","1":"product","2":"type-product","3":"status-publish","4":"has-post-thumbnail","6":"product_brand-danfoss","7":"product_cat-wezly-cieplne","8":"product_shipping_class-drobnica","10":"first","11":"instock","12":"taxable","13":"shipping-taxable","14":"purchasable","15":"product-type-simple","16":"entry","17":"content-bg","18":"loop-entry"},"taxonomy_info":{"product_brand":[{"value":413,"label":"Danfoss"}],"product_cat":[{"value":376,"label":"W\u0119z\u0142y cieplne"}]},"featured_image_src_large":["https:\/\/e-systemygrzewcze.eu\/sklep\/wp-content\/uploads\/2026\/01\/Nowy-projekt-2026-01-27T112100.972.jpg",510,587,false],"author_info":[],"comment_info":"","_links":{"self":[{"href":"https:\/\/e-systemygrzewcze.eu\/sklep\/wp-json\/wp\/v2\/product\/10069","targetHints":{"allow":["GET"]}}],"collection":[{"href":"https:\/\/e-systemygrzewcze.eu\/sklep\/wp-json\/wp\/v2\/product"}],"about":[{"href":"https:\/\/e-systemygrzewcze.eu\/sklep\/wp-json\/wp\/v2\/types\/product"}],"wp:featuredmedia":[{"embeddable":true,"href":"https:\/\/e-systemygrzewcze.eu\/sklep\/wp-json\/wp\/v2\/media\/10070"}],"wp:attachment":[{"href":"https:\/\/e-systemygrzewcze.eu\/sklep\/wp-json\/wp\/v2\/media?parent=10069"}],"wp:term":[{"taxonomy":"product_brand","embeddable":true,"href":"https:\/\/e-systemygrzewcze.eu\/sklep\/wp-json\/wp\/v2\/product_brand?post=10069"},{"taxonomy":"product_cat","embeddable":true,"href":"https:\/\/e-systemygrzewcze.eu\/sklep\/wp-json\/wp\/v2\/product_cat?post=10069"},{"taxonomy":"product_tag","embeddable":true,"href":"https:\/\/e-systemygrzewcze.eu\/sklep\/wp-json\/wp\/v2\/product_tag?post=10069"}],"curies":[{"name":"wp","href":"https:\/\/api.w.org\/{rel}","templated":true}]}}