{"id":10059,"date":"2026-01-27T10:09:31","date_gmt":"2026-01-27T10:09:31","guid":{"rendered":"https:\/\/e-systemygrzewcze.eu\/sklep\/produkt\/danfoss-zawor-regulacyjny-vm2-dn15-kvs-1-065b2013\/"},"modified":"2026-04-08T08:16:51","modified_gmt":"2026-04-08T08:16:51","slug":"danfoss-zawor-regulacyjny-vm2-dn15-kvs-1-065b2013","status":"publish","type":"product","link":"https:\/\/e-systemygrzewcze.eu\/sklep\/produkt\/danfoss-zawor-regulacyjny-vm2-dn15-kvs-1-065b2013\/","title":{"rendered":"DANFOSS Zaw\u00f3r regulacyjny VM2, DN15 , KVS 1 (065B2013)"},"content":{"rendered":"<div class=\"flex flex-col text-sm pb-25\">\n<article class=\"text-token-text-primary w-full focus:outline-none [--shadow-height:45px] has-data-writing-block:pointer-events-none has-data-writing-block:-mt-(--shadow-height) has-data-writing-block:pt-(--shadow-height) [&amp;:has([data-writing-block])&gt;*]:pointer-events-auto scroll-mt-[calc(var(--header-height)+min(200px,max(70px,20svh)))]\" dir=\"auto\" tabindex=\"-1\" data-turn-id=\"request-698dc8d3-7568-8328-9fb1-5bd806595a20-7\" data-testid=\"conversation-turn-228\" data-scroll-anchor=\"true\" data-turn=\"assistant\">\n<div class=\"text-base my-auto mx-auto pb-10 [--thread-content-margin:--spacing(4)] @w-sm\/main:[--thread-content-margin:--spacing(6)] @w-lg\/main:[--thread-content-margin:--spacing(16)] px-(--thread-content-margin)\">\n<div class=\"[--thread-content-max-width:40rem] @w-lg\/main:[--thread-content-max-width:48rem] mx-auto max-w-(--thread-content-max-width) flex-1 group\/turn-messages focus-visible:outline-hidden relative flex w-full min-w-0 flex-col agent-turn\" tabindex=\"-1\">\n<div class=\"flex max-w-full flex-col grow\">\n<div class=\"min-h-8 text-message relative flex w-full flex-col items-end gap-2 text-start break-words whitespace-normal [.text-message+&amp;]:mt-1\" dir=\"auto\" data-message-author-role=\"assistant\" data-message-id=\"b7dece2d-ae57-4a40-8c23-dcf92a3f38f7\" data-message-model-slug=\"gpt-5-2\">\n<div class=\"flex w-full flex-col gap-1 empty:hidden first:pt-[1px]\">\n<div class=\"markdown prose dark:prose-invert w-full wrap-break-word dark markdown-new-styling\">\n<h2 data-start=\"0\" data-end=\"65\">\ud83d\udd27 <strong data-start=\"3\" data-end=\"63\">DANFOSS Zaw\u00f3r regulacyjny VM2 DN15 1\/2&#8243; Kvs 1 (065B2013)<\/strong><\/h2>\n<p data-start=\"0\" data-end=\"65\">Danfoss VM2 DN15 to precyzyjny, 2-drogowy zaw\u00f3r regulacyjno-mieszaj\u0105cy do instalacji grzewczych, ch\u0142odniczych i HVAC. Umo\u017cliwia dok\u0142adn\u0105 kontrol\u0119 przep\u0142ywu i temperatury medium, poprawiaj\u0105c stabilno\u015b\u0107 pracy systemu oraz ograniczaj\u0105c zu\u017cycie energii.<\/p>\n<hr data-start=\"336\" data-end=\"339\" \/>\n<h3 data-start=\"341\" data-end=\"371\">\u2b50 <strong data-start=\"347\" data-end=\"371\">Najwa\u017cniejsze zalety<\/strong><\/h3>\n<ul data-start=\"372\" data-end=\"669\">\n<li data-start=\"372\" data-end=\"425\">\n<p data-start=\"374\" data-end=\"425\">Precyzyjna regulacja ma\u0142ych i \u015brednich przep\u0142yw\u00f3w<\/p>\n<\/li>\n<li data-start=\"426\" data-end=\"481\">\n<p data-start=\"428\" data-end=\"481\">Wysoka odporno\u015b\u0107 na temperatur\u0119 i ci\u015bnienie (PN 25)<\/p>\n<\/li>\n<li data-start=\"482\" data-end=\"518\">\n<p data-start=\"484\" data-end=\"518\">Trwa\u0142y korpus z br\u0105zu czerwonego<\/p>\n<\/li>\n<li data-start=\"519\" data-end=\"565\">\n<p data-start=\"521\" data-end=\"565\">P\u0142ynna praca dzi\u0119ki skokowi trzpienia 5 mm<\/p>\n<\/li>\n<li data-start=\"566\" data-end=\"619\">\n<p data-start=\"568\" data-end=\"619\">Mo\u017cliwo\u015b\u0107 wsp\u00f3\u0142pracy z si\u0142ownikami Danfoss AMV(E)<\/p>\n<\/li>\n<li data-start=\"620\" data-end=\"669\">\n<p data-start=\"622\" data-end=\"669\">Do instalacji grzewczych, ch\u0142odniczych i HVAC<\/p>\n<\/li>\n<\/ul>\n<hr data-start=\"671\" data-end=\"674\" \/>\n<h3 data-start=\"676\" data-end=\"702\">\u2699\ufe0f <strong data-start=\"683\" data-end=\"702\">Dane techniczne<\/strong><\/h3>\n<ul data-start=\"703\" data-end=\"1152\">\n<li data-start=\"703\" data-end=\"725\">\n<p data-start=\"705\" data-end=\"725\">Producent: Danfoss<\/p>\n<\/li>\n<li data-start=\"726\" data-end=\"740\">\n<p data-start=\"728\" data-end=\"740\">Model: VM2<\/p>\n<\/li>\n<li data-start=\"741\" data-end=\"758\">\n<p data-start=\"743\" data-end=\"758\">Kod: 065B2013<\/p>\n<\/li>\n<li data-start=\"759\" data-end=\"811\">\n<p data-start=\"761\" data-end=\"811\">Rodzaj zaworu: 2-drogowy, regulacyjno-mieszaj\u0105cy<\/p>\n<\/li>\n<li data-start=\"812\" data-end=\"848\">\n<p data-start=\"814\" data-end=\"848\">\u015arednica nominalna: DN 15 \/ 1\/2&#8243;<\/p>\n<\/li>\n<li data-start=\"849\" data-end=\"872\">\n<p data-start=\"851\" data-end=\"872\">Warto\u015b\u0107 Kvs: 1 m\u00b3\/h<\/p>\n<\/li>\n<li data-start=\"873\" data-end=\"903\">\n<p data-start=\"875\" data-end=\"903\">Ci\u015bnienie nominalne: PN 25<\/p>\n<\/li>\n<li data-start=\"904\" data-end=\"929\">\n<p data-start=\"906\" data-end=\"929\">Medium: woda obiegowa<\/p>\n<\/li>\n<li data-start=\"930\" data-end=\"967\">\n<p data-start=\"932\" data-end=\"967\">Minimalna temperatura medium: 2\u00b0C<\/p>\n<\/li>\n<li data-start=\"968\" data-end=\"1008\">\n<p data-start=\"970\" data-end=\"1008\">Maksymalna temperatura medium: 150\u00b0C<\/p>\n<\/li>\n<li data-start=\"1009\" data-end=\"1044\">\n<p data-start=\"1011\" data-end=\"1044\">Materia\u0142 korpusu: br\u0105z czerwony<\/p>\n<\/li>\n<li data-start=\"1045\" data-end=\"1071\">\n<p data-start=\"1047\" data-end=\"1071\">Funkcja mieszania: tak<\/p>\n<\/li>\n<li data-start=\"1072\" data-end=\"1096\">\n<p data-start=\"1074\" data-end=\"1096\">Skok trzpienia: 5 mm<\/p>\n<\/li>\n<li data-start=\"1097\" data-end=\"1152\">\n<p data-start=\"1099\" data-end=\"1152\">Dedykowane si\u0142owniki: AMV(E) 10, 20, 30, 13, 23, 33<\/p>\n<\/li>\n<\/ul>\n<hr data-start=\"1154\" data-end=\"1157\" \/>\n<h3 data-start=\"1159\" data-end=\"1182\">\ud83c\udfe0 <strong data-start=\"1166\" data-end=\"1182\">Zastosowanie<\/strong><\/h3>\n<ul data-start=\"1183\" data-end=\"1313\" data-is-last-node=\"\" data-is-only-node=\"\">\n<li data-start=\"1183\" data-end=\"1220\">\n<p data-start=\"1185\" data-end=\"1220\">Instalacje centralnego ogrzewania<\/p>\n<\/li>\n<li data-start=\"1221\" data-end=\"1245\">\n<p data-start=\"1223\" data-end=\"1245\">Ogrzewanie pod\u0142ogowe<\/p>\n<\/li>\n<li data-start=\"1246\" data-end=\"1267\">\n<p data-start=\"1248\" data-end=\"1267\">Uk\u0142ady mieszaj\u0105ce<\/p>\n<\/li>\n<li data-start=\"1268\" data-end=\"1285\">\n<p data-start=\"1270\" data-end=\"1285\">W\u0119z\u0142y cieplne<\/p>\n<\/li>\n<li data-start=\"1286\" data-end=\"1313\" data-is-last-node=\"\">\n<p data-start=\"1288\" data-end=\"1313\" data-is-last-node=\"\">Systemy HVAC i ch\u0142odnicze<\/p>\n<\/li>\n<\/ul>\n<\/div>\n<\/div>\n<\/div>\n<\/div>\n<div class=\"z-0 flex min-h-[46px] justify-start\"><\/div>\n<div class=\"mt-3 w-full empty:hidden\">\n<div class=\"text-center\"><\/div>\n<\/div>\n<\/div>\n<\/div>\n<\/article>\n<\/div>\n<div class=\"pointer-events-none h-px w-px absolute bottom-0\" aria-hidden=\"true\" data-edge=\"true\"><\/div>\n","protected":false},"excerpt":{"rendered":"<p><strong>Danfoss VM2 DN15 to precyzyjny, 2-drogowy zaw\u00f3r regulacyjno-mieszaj\u0105cy do instalacji grzewczych, ch\u0142odniczych i HVAC. Umo\u017cliwia dok\u0142adn\u0105 kontrol\u0119 przep\u0142ywu i temperatury medium, poprawiaj\u0105c stabilno\u015b\u0107 pracy systemu oraz ograniczaj\u0105c zu\u017cycie energii.<\/strong><\/p>\n","protected":false},"featured_media":10061,"template":"","meta":{"_kad_blocks_custom_css":"","_kad_blocks_head_custom_js":"","_kad_blocks_body_custom_js":"","_kad_blocks_footer_custom_js":"","_kad_post_transparent":"default","_kad_post_title":"","_kad_post_layout":"default","_kad_post_sidebar_id":"","_kad_post_content_style":"default","_kad_post_vertical_padding":"default","_kad_post_feature":"","_kad_post_feature_position":"","_kad_post_header":false,"_kad_post_footer":false,"_kad_post_classname":""},"product_brand":[413],"product_cat":[376],"product_tag":[],"class_list":{"0":"post-10059","1":"product","2":"type-product","3":"status-publish","4":"has-post-thumbnail","6":"product_brand-danfoss","7":"product_cat-wezly-cieplne","8":"product_shipping_class-drobnica","10":"first","11":"instock","12":"taxable","13":"shipping-taxable","14":"purchasable","15":"product-type-simple","16":"entry","17":"content-bg","18":"loop-entry"},"taxonomy_info":{"product_brand":[{"value":413,"label":"Danfoss"}],"product_cat":[{"value":376,"label":"W\u0119z\u0142y cieplne"}]},"featured_image_src_large":["https:\/\/e-systemygrzewcze.eu\/sklep\/wp-content\/uploads\/2026\/01\/Nowy-projekt-2026-01-27T111411.456.jpg",510,587,false],"author_info":[],"comment_info":"","_links":{"self":[{"href":"https:\/\/e-systemygrzewcze.eu\/sklep\/wp-json\/wp\/v2\/product\/10059","targetHints":{"allow":["GET"]}}],"collection":[{"href":"https:\/\/e-systemygrzewcze.eu\/sklep\/wp-json\/wp\/v2\/product"}],"about":[{"href":"https:\/\/e-systemygrzewcze.eu\/sklep\/wp-json\/wp\/v2\/types\/product"}],"wp:featuredmedia":[{"embeddable":true,"href":"https:\/\/e-systemygrzewcze.eu\/sklep\/wp-json\/wp\/v2\/media\/10061"}],"wp:attachment":[{"href":"https:\/\/e-systemygrzewcze.eu\/sklep\/wp-json\/wp\/v2\/media?parent=10059"}],"wp:term":[{"taxonomy":"product_brand","embeddable":true,"href":"https:\/\/e-systemygrzewcze.eu\/sklep\/wp-json\/wp\/v2\/product_brand?post=10059"},{"taxonomy":"product_cat","embeddable":true,"href":"https:\/\/e-systemygrzewcze.eu\/sklep\/wp-json\/wp\/v2\/product_cat?post=10059"},{"taxonomy":"product_tag","embeddable":true,"href":"https:\/\/e-systemygrzewcze.eu\/sklep\/wp-json\/wp\/v2\/product_tag?post=10059"}],"curies":[{"name":"wp","href":"https:\/\/api.w.org\/{rel}","templated":true}]}}