{"id":10026,"date":"2026-01-26T11:01:43","date_gmt":"2026-01-26T11:01:43","guid":{"rendered":"https:\/\/e-systemygrzewcze.eu\/sklep\/produkt\/danfos-silownik-termiczny-abv-nc-082f0051\/"},"modified":"2026-04-08T08:16:56","modified_gmt":"2026-04-08T08:16:56","slug":"danfos-silownik-termiczny-abv-nc-082f0051","status":"publish","type":"product","link":"https:\/\/e-systemygrzewcze.eu\/sklep\/produkt\/danfos-silownik-termiczny-abv-nc-082f0051\/","title":{"rendered":"DANFOSS Si\u0142ownik termiczny ABV\/NC (082F0051)"},"content":{"rendered":"<h3 data-start=\"0\" data-end=\"55\">\ud83d\udd27 <strong data-start=\"7\" data-end=\"55\">DANFOSS Si\u0142ownik termiczny ABV\/NC \u2013 082F0051<\/strong><\/h3>\n<p data-start=\"57\" data-end=\"451\"><strong data-start=\"57\" data-end=\"105\">Si\u0142ownik termiczny DANFOSS ABV\/NC (082F0051)<\/strong> to <strong data-start=\"109\" data-end=\"137\">normalnie zamkni\u0119ty (NC)<\/strong> si\u0142ownik przeznaczony do sterowania zaworami w instalacjach grzewczych i ch\u0142odniczych. Urz\u0105dzenie dzia\u0142a automatycznie w zale\u017cno\u015bci od temperatury medium lub sygna\u0142u steruj\u0105cego, umo\u017cliwiaj\u0105c precyzyjn\u0105 regulacj\u0119 przep\u0142ywu bez potrzeby zewn\u0119trznego zasilania (w niekt\u00f3rych wersjach \u2013 zale\u017cnie od typu sterowania).<\/p>\n<hr data-start=\"453\" data-end=\"456\" \/>\n<h2 data-start=\"458\" data-end=\"486\">\u2705 <strong data-start=\"463\" data-end=\"486\">Najwa\u017cniejsze cechy<\/strong><\/h2>\n<ul data-start=\"487\" data-end=\"959\">\n<li data-start=\"487\" data-end=\"525\">\n<p data-start=\"489\" data-end=\"525\"><strong data-start=\"489\" data-end=\"497\">Typ:<\/strong> termiczny si\u0142ownik zaworu<\/p>\n<\/li>\n<li data-start=\"526\" data-end=\"547\">\n<p data-start=\"528\" data-end=\"547\"><strong data-start=\"528\" data-end=\"538\">Seria:<\/strong> ABV\/NC<\/p>\n<\/li>\n<li data-start=\"548\" data-end=\"575\">\n<p data-start=\"550\" data-end=\"575\"><strong data-start=\"550\" data-end=\"560\">Model:<\/strong> <strong data-start=\"561\" data-end=\"573\">082F0051<\/strong><\/p>\n<\/li>\n<li data-start=\"576\" data-end=\"776\">\n<p data-start=\"578\" data-end=\"776\"><strong data-start=\"578\" data-end=\"607\">Normalnie zamkni\u0119ty (NC):<\/strong> oznacza, \u017ce si\u0142ownik trzyma zaw\u00f3r <strong data-start=\"642\" data-end=\"655\">zamkni\u0119ty<\/strong>, a otwiera go dopiero po otrzymaniu odpowiedniego sygna\u0142u lub wzro\u015bcie temperatury (w zale\u017cno\u015bci od wersji sterowania)<\/p>\n<\/li>\n<li data-start=\"777\" data-end=\"872\">\n<p data-start=\"779\" data-end=\"872\"><strong data-start=\"779\" data-end=\"802\">Prosta konstrukcja:<\/strong> bez skomplikowanej elektroniki \u2013 mniej element\u00f3w ulegaj\u0105cych awarii<\/p>\n<\/li>\n<li data-start=\"873\" data-end=\"959\">\n<p data-start=\"875\" data-end=\"959\"><strong data-start=\"875\" data-end=\"892\">Zastosowanie:<\/strong> idealny do automatyzacji przep\u0142yw\u00f3w w instalacjach ciep\u0142a\/ch\u0142odu<\/p>\n<\/li>\n<\/ul>\n<hr data-start=\"961\" data-end=\"964\" \/>\n<h2 data-start=\"966\" data-end=\"985\">\u2699\ufe0f <strong data-start=\"972\" data-end=\"985\">Dzia\u0142anie<\/strong><\/h2>\n<p data-start=\"986\" data-end=\"1186\">Si\u0142ownik termiczny pracuje na zasadzie <strong data-start=\"1025\" data-end=\"1064\">zmiany obj\u0119to\u015bci medium termicznego<\/strong> wewn\u0105trz si\u0142ownika pod wp\u0142ywem temperatury lub sygna\u0142u steruj\u0105cego, co powoduje <strong data-start=\"1145\" data-end=\"1159\">ruch t\u0142oka<\/strong> i zmian\u0119 po\u0142o\u017cenia zaworu:<\/p>\n<ul data-start=\"1187\" data-end=\"1469\">\n<li data-start=\"1187\" data-end=\"1370\">\n<p data-start=\"1189\" data-end=\"1370\"><strong data-start=\"1189\" data-end=\"1218\">Normalnie zamkni\u0119ty (NC):<\/strong> zaw\u00f3r pozostaje zazwyczaj zamkni\u0119ty, a otwiera si\u0119 dopiero, gdy zostanie osi\u0105gni\u0119ta zaprogramowana temperatura lub uruchomiony jest sygna\u0142 steruj\u0105cy.<\/p>\n<\/li>\n<li data-start=\"1371\" data-end=\"1469\">\n<p data-start=\"1373\" data-end=\"1469\">Si\u0142ownik automatycznie reguluje przep\u0142yw cieczy, wody lub innego medium grzewczego\/ch\u0142odniczego.<\/p>\n<\/li>\n<\/ul>\n<hr data-start=\"1471\" data-end=\"1474\" \/>\n<h2 data-start=\"1476\" data-end=\"1505\">\ud83c\udfe0 <strong data-start=\"1482\" data-end=\"1505\">Typowe zastosowania<\/strong><\/h2>\n<ul data-start=\"1506\" data-end=\"1792\">\n<li data-start=\"1506\" data-end=\"1582\">\n<p data-start=\"1508\" data-end=\"1582\">automatyczna regulacja w instalacjach <strong data-start=\"1546\" data-end=\"1579\">centralnego ogrzewania (C.O.)<\/strong>,<\/p>\n<\/li>\n<li data-start=\"1583\" data-end=\"1621\">\n<p data-start=\"1585\" data-end=\"1621\">systemy z <strong data-start=\"1595\" data-end=\"1618\">obiegami strefowymi<\/strong>,<\/p>\n<\/li>\n<li data-start=\"1622\" data-end=\"1692\">\n<p data-start=\"1624\" data-end=\"1692\">instalacje z <strong data-start=\"1637\" data-end=\"1689\">kot\u0142ami, pompami ciep\u0142a, kolektorami s\u0142onecznymi<\/strong>,<\/p>\n<\/li>\n<li data-start=\"1693\" data-end=\"1792\">\n<p data-start=\"1695\" data-end=\"1792\">uk\u0142ady z <strong data-start=\"1704\" data-end=\"1741\">zasobnikami i wymiennikami ciep\u0142a<\/strong> wymagaj\u0105ce automatycznego sterowania przep\u0142ywem.<\/p>\n<\/li>\n<\/ul>\n<hr data-start=\"1794\" data-end=\"1797\" \/>\n<h2 data-start=\"1799\" data-end=\"1821\">\ud83d\udcdd <strong data-start=\"1805\" data-end=\"1821\">Podsumowanie<\/strong><\/h2>\n<p data-start=\"1822\" data-end=\"2161\"><strong data-start=\"1822\" data-end=\"1849\">Danfoss ABV\/NC 082F0051<\/strong> to trwa\u0142y i prosty w obs\u0142udze si\u0142ownik termiczny \u201enormalnie zamkni\u0119ty\u201d, kt\u00f3ry umo\u017cliwia automatyczne sterowanie zaworami w instalacjach grzewczych i ch\u0142odniczych. Dzi\u0119ki niezawodnej konstrukcji sprawdza si\u0119 w r\u00f3\u017cnorodnych systemach, gdzie konieczna jest kontrola przep\u0142ywu medium bez skomplikowanej elektroniki.<\/p>\n","protected":false},"excerpt":{"rendered":"<p><strong>Danfoss ABV\/NC 082F0051 to trwa\u0142y i prosty w obs\u0142udze si\u0142ownik termiczny \u201enormalnie zamkni\u0119ty\u201d, kt\u00f3ry umo\u017cliwia automatyczne sterowanie zaworami w instalacjach grzewczych i ch\u0142odniczych. Dzi\u0119ki niezawodnej konstrukcji sprawdza si\u0119 w r\u00f3\u017cnorodnych systemach, gdzie konieczna jest kontrola przep\u0142ywu medium bez skomplikowanej elektroniki.<\/strong><\/p>\n","protected":false},"featured_media":10028,"template":"","meta":{"_kad_blocks_custom_css":"","_kad_blocks_head_custom_js":"","_kad_blocks_body_custom_js":"","_kad_blocks_footer_custom_js":"","_kad_post_transparent":"default","_kad_post_title":"","_kad_post_layout":"default","_kad_post_sidebar_id":"","_kad_post_content_style":"default","_kad_post_vertical_padding":"default","_kad_post_feature":"","_kad_post_feature_position":"","_kad_post_header":false,"_kad_post_footer":false,"_kad_post_classname":""},"product_brand":[413],"product_cat":[376],"product_tag":[],"class_list":{"0":"post-10026","1":"product","2":"type-product","3":"status-publish","4":"has-post-thumbnail","6":"product_brand-danfoss","7":"product_cat-wezly-cieplne","8":"product_shipping_class-drobnica","10":"first","11":"outofstock","12":"taxable","13":"shipping-taxable","14":"purchasable","15":"product-type-simple","16":"entry","17":"content-bg","18":"loop-entry"},"taxonomy_info":{"product_brand":[{"value":413,"label":"Danfoss"}],"product_cat":[{"value":376,"label":"W\u0119z\u0142y cieplne"}]},"featured_image_src_large":["https:\/\/e-systemygrzewcze.eu\/sklep\/wp-content\/uploads\/2026\/01\/Nowy-projekt-68.jpg",510,587,false],"author_info":[],"comment_info":"","_links":{"self":[{"href":"https:\/\/e-systemygrzewcze.eu\/sklep\/wp-json\/wp\/v2\/product\/10026","targetHints":{"allow":["GET"]}}],"collection":[{"href":"https:\/\/e-systemygrzewcze.eu\/sklep\/wp-json\/wp\/v2\/product"}],"about":[{"href":"https:\/\/e-systemygrzewcze.eu\/sklep\/wp-json\/wp\/v2\/types\/product"}],"wp:featuredmedia":[{"embeddable":true,"href":"https:\/\/e-systemygrzewcze.eu\/sklep\/wp-json\/wp\/v2\/media\/10028"}],"wp:attachment":[{"href":"https:\/\/e-systemygrzewcze.eu\/sklep\/wp-json\/wp\/v2\/media?parent=10026"}],"wp:term":[{"taxonomy":"product_brand","embeddable":true,"href":"https:\/\/e-systemygrzewcze.eu\/sklep\/wp-json\/wp\/v2\/product_brand?post=10026"},{"taxonomy":"product_cat","embeddable":true,"href":"https:\/\/e-systemygrzewcze.eu\/sklep\/wp-json\/wp\/v2\/product_cat?post=10026"},{"taxonomy":"product_tag","embeddable":true,"href":"https:\/\/e-systemygrzewcze.eu\/sklep\/wp-json\/wp\/v2\/product_tag?post=10026"}],"curies":[{"name":"wp","href":"https:\/\/api.w.org\/{rel}","templated":true}]}}