{"id":10022,"date":"2026-01-26T10:51:09","date_gmt":"2026-01-26T10:51:09","guid":{"rendered":"https:\/\/e-systemygrzewcze.eu\/sklep\/produkt\/danfos-glowica-termostatyczna-ravk-25-65-st-013u8063\/"},"modified":"2026-04-08T08:17:03","modified_gmt":"2026-04-08T08:17:03","slug":"danfos-glowica-termostatyczna-ravk-25-65-st-013u8063","status":"publish","type":"product","link":"https:\/\/e-systemygrzewcze.eu\/sklep\/produkt\/danfos-glowica-termostatyczna-ravk-25-65-st-013u8063\/","title":{"rendered":"DANFOSS G\u0142owica termostatyczna RAVK 25-65\u00b0C (013U8063)"},"content":{"rendered":"<h3 data-start=\"0\" data-end=\"57\">\ud83c\udf21\ufe0f <strong data-start=\"8\" data-end=\"55\">DANFOSS G\u0142owica termostatyczna RAVK 25\u201365\u00b0C<\/strong><\/h3>\n<p data-start=\"59\" data-end=\"93\"><strong data-start=\"59\" data-end=\"80\">Numer katalogowy:<\/strong> <strong data-start=\"81\" data-end=\"93\">013U8063<\/strong><\/p>\n<hr data-start=\"95\" data-end=\"98\" \/>\n<h2 data-start=\"100\" data-end=\"118\">\u2705 Opis produktu<\/h2>\n<p data-start=\"119\" data-end=\"519\"><strong data-start=\"119\" data-end=\"135\">Danfoss RAVK<\/strong> to <strong data-start=\"139\" data-end=\"179\">termostatyczny regulator temperatury<\/strong> z <strong data-start=\"182\" data-end=\"217\">czujnikiem zdalnym na kapilarze<\/strong>, przeznaczony do precyzyjnej regulacji temperatury czynnika w instalacjach grzewczych oraz technologicznych. Dzi\u0119ki szerokiemu zakresowi nastawy <strong data-start=\"363\" data-end=\"374\">25\u201365\u00b0C<\/strong> oraz mo\u017cliwo\u015bci <strong data-start=\"391\" data-end=\"413\">swobodnego monta\u017cu<\/strong>, g\u0142owica idealnie sprawdza si\u0119 tam, gdzie pomiar temperatury musi by\u0107 wykonany w innym miejscu ni\u017c zaw\u00f3r.<\/p>\n<hr data-start=\"521\" data-end=\"524\" \/>\n<h2 data-start=\"526\" data-end=\"555\">\ud83c\udf1f Cechy charakterystyczne<\/h2>\n<ul data-start=\"556\" data-end=\"907\">\n<li data-start=\"556\" data-end=\"601\">\n<p data-start=\"558\" data-end=\"601\"><strong data-start=\"558\" data-end=\"591\">Zakres regulacji temperatury:<\/strong> 25\u201365\u00b0C<\/p>\n<\/li>\n<li data-start=\"602\" data-end=\"672\">\n<p data-start=\"604\" data-end=\"672\"><strong data-start=\"604\" data-end=\"634\">Zdalny czujnik temperatury<\/strong> \u2013 pomiar bezpo\u015brednio na instalacji<\/p>\n<\/li>\n<li data-start=\"673\" data-end=\"729\">\n<p data-start=\"675\" data-end=\"729\"><strong data-start=\"675\" data-end=\"704\">Kapilara o d\u0142ugo\u015bci 2,0 m<\/strong> \u2013 elastyczno\u015b\u0107 monta\u017cu<\/p>\n<\/li>\n<li data-start=\"730\" data-end=\"781\">\n<p data-start=\"732\" data-end=\"781\"><strong data-start=\"732\" data-end=\"767\">Precyzyjna i stabilna regulacja<\/strong> temperatury<\/p>\n<\/li>\n<li data-start=\"782\" data-end=\"841\">\n<p data-start=\"784\" data-end=\"841\"><strong data-start=\"784\" data-end=\"828\">Odporno\u015b\u0107 na wysok\u0105 temperatur\u0119 czynnika<\/strong> \u2013 do 120\u00b0C<\/p>\n<\/li>\n<li data-start=\"842\" data-end=\"907\">\n<p data-start=\"844\" data-end=\"907\"><strong data-start=\"844\" data-end=\"873\">Swobodna wersja monta\u017cowa<\/strong> \u2013 \u0142atwa adaptacja do instalacji<\/p>\n<\/li>\n<\/ul>\n<hr data-start=\"909\" data-end=\"912\" \/>\n<h2 data-start=\"914\" data-end=\"935\">\u2699\ufe0f Dane techniczne<\/h2>\n<ul data-start=\"936\" data-end=\"1338\">\n<li data-start=\"936\" data-end=\"984\">\n<p data-start=\"938\" data-end=\"984\">Typ: <strong data-start=\"943\" data-end=\"982\">g\u0142owica termostatyczna z czujnikiem<\/strong><\/p>\n<\/li>\n<li data-start=\"985\" data-end=\"1004\">\n<p data-start=\"987\" data-end=\"1004\">Model: <strong data-start=\"994\" data-end=\"1002\">RAVK<\/strong><\/p>\n<\/li>\n<li data-start=\"1005\" data-end=\"1039\">\n<p data-start=\"1007\" data-end=\"1039\">Numer katalogowy: <strong data-start=\"1025\" data-end=\"1037\">013U8063<\/strong><\/p>\n<\/li>\n<li data-start=\"1040\" data-end=\"1078\">\n<p data-start=\"1042\" data-end=\"1078\">Funkcja: <strong data-start=\"1051\" data-end=\"1076\">regulator temperatury<\/strong><\/p>\n<\/li>\n<li data-start=\"1079\" data-end=\"1122\">\n<p data-start=\"1081\" data-end=\"1122\">Zakres nastawy temperatury: <strong data-start=\"1109\" data-end=\"1120\">25\u201365\u00b0C<\/strong><\/p>\n<\/li>\n<li data-start=\"1123\" data-end=\"1181\">\n<p data-start=\"1125\" data-end=\"1181\">Maksymalna temperatura czynnika na czujniku: <strong data-start=\"1170\" data-end=\"1179\">120\u00b0C<\/strong><\/p>\n<\/li>\n<li data-start=\"1182\" data-end=\"1213\">\n<p data-start=\"1184\" data-end=\"1213\">D\u0142ugo\u015b\u0107 kapilary: <strong data-start=\"1202\" data-end=\"1211\">2,0 m<\/strong><\/p>\n<\/li>\n<li data-start=\"1214\" data-end=\"1259\">\n<p data-start=\"1216\" data-end=\"1259\">\u015arednica czujnika temperatury: <strong data-start=\"1247\" data-end=\"1257\">9,5 mm<\/strong><\/p>\n<\/li>\n<li data-start=\"1260\" data-end=\"1303\">\n<p data-start=\"1262\" data-end=\"1303\">D\u0142ugo\u015b\u0107 czujnika temperatury: <strong data-start=\"1292\" data-end=\"1301\">82 mm<\/strong><\/p>\n<\/li>\n<li data-start=\"1304\" data-end=\"1338\">\n<p data-start=\"1306\" data-end=\"1338\">Wersja monta\u017cowa: <strong data-start=\"1324\" data-end=\"1336\">swobodna<\/strong><\/p>\n<\/li>\n<\/ul>\n<hr data-start=\"1340\" data-end=\"1343\" \/>\n<h2 data-start=\"1345\" data-end=\"1363\">\ud83c\udfe0 Zastosowanie<\/h2>\n<ul data-start=\"1364\" data-end=\"1526\">\n<li data-start=\"1364\" data-end=\"1405\">\n<p data-start=\"1366\" data-end=\"1405\">Instalacje <strong data-start=\"1377\" data-end=\"1403\">centralnego ogrzewania<\/strong><\/p>\n<\/li>\n<li data-start=\"1406\" data-end=\"1430\">\n<p data-start=\"1408\" data-end=\"1430\"><strong data-start=\"1408\" data-end=\"1428\">Zasobniki C.W.U.<\/strong><\/p>\n<\/li>\n<li data-start=\"1431\" data-end=\"1456\">\n<p data-start=\"1433\" data-end=\"1456\"><strong data-start=\"1433\" data-end=\"1454\">Wymienniki ciep\u0142a<\/strong><\/p>\n<\/li>\n<li data-start=\"1457\" data-end=\"1526\">\n<p data-start=\"1459\" data-end=\"1526\">Systemy technologiczne wymagaj\u0105ce stabilnej regulacji temperatury<\/p>\n<\/li>\n<\/ul>\n<hr data-start=\"1528\" data-end=\"1531\" \/>\n<h3 data-start=\"1533\" data-end=\"1552\">\ud83d\udcdd Podsumowanie<\/h3>\n<p data-start=\"1553\" data-end=\"1868\" data-is-last-node=\"\" data-is-only-node=\"\"><strong data-start=\"1553\" data-end=\"1588\">Danfoss RAVK 25\u201365\u00b0C (013U8063)<\/strong> to niezawodna g\u0142owica termostatyczna z czujnikiem zdalnym, zapewniaj\u0105ca dok\u0142adn\u0105 kontrol\u0119 temperatury w szerokim zakresie zastosowa\u0144. D\u0142uga kapilara, wysoka odporno\u015b\u0107 temperaturowa i precyzja dzia\u0142ania czyni\u0105 j\u0105 sprawdzonym rozwi\u0105zaniem w instalacjach grzewczych i przemys\u0142owych.<\/p>\n","protected":false},"excerpt":{"rendered":"<p><strong>G\u0142owica termostatyczna Danfoss RAVK 25\u201365\u00a0\u00b0C (013U8063) to samoczynny, kapilarny regulator temperatury do system\u00f3w hydronicznych, zaprojektowany do zamykania przy wzro\u015bcie temperatury w zbiornikach ciep\u0142ej wody lub wymiennikach, oferuj\u0105cy zakres regulacji 25\u201365\u00a0\u00b0C i kapilark\u0119 o d\u0142ugo\u015bci 2\u00a0m<\/strong><\/p>\n","protected":false},"featured_media":10024,"template":"","meta":{"_kad_blocks_custom_css":"","_kad_blocks_head_custom_js":"","_kad_blocks_body_custom_js":"","_kad_blocks_footer_custom_js":"","_kad_post_transparent":"default","_kad_post_title":"","_kad_post_layout":"default","_kad_post_sidebar_id":"","_kad_post_content_style":"default","_kad_post_vertical_padding":"default","_kad_post_feature":"","_kad_post_feature_position":"","_kad_post_header":false,"_kad_post_footer":false,"_kad_post_classname":""},"product_brand":[413],"product_cat":[376],"product_tag":[],"class_list":{"0":"post-10022","1":"product","2":"type-product","3":"status-publish","4":"has-post-thumbnail","6":"product_brand-danfoss","7":"product_cat-wezly-cieplne","8":"product_shipping_class-drobnica","10":"first","11":"instock","12":"taxable","13":"shipping-taxable","14":"purchasable","15":"product-type-simple","16":"entry","17":"content-bg","18":"loop-entry"},"taxonomy_info":{"product_brand":[{"value":413,"label":"Danfoss"}],"product_cat":[{"value":376,"label":"W\u0119z\u0142y cieplne"}]},"featured_image_src_large":["https:\/\/e-systemygrzewcze.eu\/sklep\/wp-content\/uploads\/2026\/01\/Nowy-projekt-67-1.jpg",510,587,false],"author_info":[],"comment_info":"","_links":{"self":[{"href":"https:\/\/e-systemygrzewcze.eu\/sklep\/wp-json\/wp\/v2\/product\/10022","targetHints":{"allow":["GET"]}}],"collection":[{"href":"https:\/\/e-systemygrzewcze.eu\/sklep\/wp-json\/wp\/v2\/product"}],"about":[{"href":"https:\/\/e-systemygrzewcze.eu\/sklep\/wp-json\/wp\/v2\/types\/product"}],"wp:featuredmedia":[{"embeddable":true,"href":"https:\/\/e-systemygrzewcze.eu\/sklep\/wp-json\/wp\/v2\/media\/10024"}],"wp:attachment":[{"href":"https:\/\/e-systemygrzewcze.eu\/sklep\/wp-json\/wp\/v2\/media?parent=10022"}],"wp:term":[{"taxonomy":"product_brand","embeddable":true,"href":"https:\/\/e-systemygrzewcze.eu\/sklep\/wp-json\/wp\/v2\/product_brand?post=10022"},{"taxonomy":"product_cat","embeddable":true,"href":"https:\/\/e-systemygrzewcze.eu\/sklep\/wp-json\/wp\/v2\/product_cat?post=10022"},{"taxonomy":"product_tag","embeddable":true,"href":"https:\/\/e-systemygrzewcze.eu\/sklep\/wp-json\/wp\/v2\/product_tag?post=10022"}],"curies":[{"name":"wp","href":"https:\/\/api.w.org\/{rel}","templated":true}]}}