{"id":10016,"date":"2026-01-26T10:47:14","date_gmt":"2026-01-26T10:47:14","guid":{"rendered":"https:\/\/e-systemygrzewcze.eu\/sklep\/produkt\/qheat-cieplomierz06m3-h-1-2-zasilanie-qh5j-000-00-0\/"},"modified":"2026-04-08T08:17:08","modified_gmt":"2026-04-08T08:17:08","slug":"qheat-cieplomierz06m3-h-1-2-zasilanie-qh5j-000-00-0","status":"publish","type":"product","link":"https:\/\/e-systemygrzewcze.eu\/sklep\/produkt\/qheat-cieplomierz06m3-h-1-2-zasilanie-qh5j-000-00-0\/","title":{"rendered":"QHEAT Ciep\u0142omierz 0,6m3\/h 1\/2&#8243; zasilanie  (QH5J-000-00-0)Z"},"content":{"rendered":"<h3 data-start=\"0\" data-end=\"76\">\ud83d\udd25 <strong data-start=\"7\" data-end=\"74\">QHEAT Ciep\u0142omierz QHeat5 qp 0,6 m\u00b3\/h 1\/2&#8243; \u2013 zasilanie bateryjne<\/strong><\/h3>\n<p data-start=\"78\" data-end=\"105\"><strong data-start=\"78\" data-end=\"89\">Symbol:<\/strong> QH5J-000-00-0<\/p>\n<p data-start=\"131\" data-end=\"474\"><strong data-start=\"131\" data-end=\"147\">QHEAT QHeat5<\/strong> to <strong data-start=\"151\" data-end=\"190\">kompaktowy, mechaniczny ciep\u0142omierz<\/strong> przeznaczony do precyzyjnego pomiaru energii cieplnej w systemach grzewczych. Standardowo wyposa\u017cony w <strong data-start=\"294\" data-end=\"326\">optyczne wyj\u015bcie danych IrDA<\/strong> oraz <strong data-start=\"332\" data-end=\"369\">z\u0142\u0105cze do modu\u0142\u00f3w komunikacyjnych<\/strong>, umo\u017cliwia \u0142atw\u0105 integracj\u0119 z systemami <strong data-start=\"410\" data-end=\"443\">Q M-Bus, Q walk-by oraz Q AMR<\/strong> (modu\u0142y dost\u0119pne opcjonalnie).<\/p>\n<hr data-start=\"476\" data-end=\"479\" \/>\n<h2 data-start=\"481\" data-end=\"503\">\ud83c\udf1f Cechy szczeg\u00f3lne<\/h2>\n<ul data-start=\"504\" data-end=\"1145\">\n<li data-start=\"504\" data-end=\"565\">\n<p data-start=\"506\" data-end=\"565\"><strong data-start=\"506\" data-end=\"529\">Zasilanie bateryjne<\/strong> \u2013 \u017cywotno\u015b\u0107 baterii do <strong data-start=\"553\" data-end=\"563\">11 lat<\/strong><\/p>\n<\/li>\n<li data-start=\"566\" data-end=\"682\">\n<p data-start=\"568\" data-end=\"682\"><strong data-start=\"568\" data-end=\"596\">Dok\u0142adny pomiar chwilowy<\/strong> dzi\u0119ki czujnikom temperatury <strong data-start=\"626\" data-end=\"636\">PT1000<\/strong> oraz mechanicznemu przetwornikowi przep\u0142ywu<\/p>\n<\/li>\n<li data-start=\"683\" data-end=\"768\">\n<p data-start=\"685\" data-end=\"768\"><strong data-start=\"685\" data-end=\"728\">Bezmagnezowy, indukcyjny odczyt wirnika<\/strong> \u2013 odporno\u015b\u0107 na silne pola magnetyczne<\/p>\n<\/li>\n<li data-start=\"769\" data-end=\"829\">\n<p data-start=\"771\" data-end=\"829\"><strong data-start=\"771\" data-end=\"803\">Wysoka rozdzielczo\u015b\u0107 wskaza\u0144<\/strong> \u2013 8-cyfrowy wy\u015bwietlacz<\/p>\n<\/li>\n<li data-start=\"830\" data-end=\"883\">\n<p data-start=\"832\" data-end=\"883\"><strong data-start=\"832\" data-end=\"881\">15 rejestr\u00f3w miesi\u0119cznych danych archiwalnych<\/strong><\/p>\n<\/li>\n<li data-start=\"884\" data-end=\"993\">\n<p data-start=\"886\" data-end=\"993\"><strong data-start=\"886\" data-end=\"922\">Rejestracja warto\u015bci szczytowych<\/strong> temperatury zasilania, powrotu i przep\u0142ywu (z dat\u0105 i czasem trwania)<\/p>\n<\/li>\n<li data-start=\"994\" data-end=\"1068\">\n<p data-start=\"996\" data-end=\"1068\"><strong data-start=\"996\" data-end=\"1024\">Programowanie parametr\u00f3w<\/strong> z poziomu wy\u015bwietlacza lub przez <strong data-start=\"1058\" data-end=\"1066\">IrDA<\/strong><\/p>\n<\/li>\n<li data-start=\"1069\" data-end=\"1145\">\n<p data-start=\"1071\" data-end=\"1145\"><strong data-start=\"1071\" data-end=\"1094\">Mo\u017cliwo\u015b\u0107 rozbudowy<\/strong> o modu\u0142y radiowe <strong data-start=\"1112\" data-end=\"1128\">AMR, Walk-by<\/strong> oraz <strong data-start=\"1134\" data-end=\"1143\">M-Bus<\/strong><\/p>\n<\/li>\n<\/ul>\n<hr data-start=\"1147\" data-end=\"1150\" \/>\n<h2 data-start=\"1152\" data-end=\"1173\">\u2699\ufe0f Dane techniczne<\/h2>\n<ul data-start=\"1174\" data-end=\"1651\">\n<li data-start=\"1174\" data-end=\"1215\">\n<p data-start=\"1176\" data-end=\"1215\">Przep\u0142yw nominalny (qp): <strong data-start=\"1201\" data-end=\"1213\">0,6 m\u00b3\/h<\/strong><\/p>\n<\/li>\n<li data-start=\"1216\" data-end=\"1250\">\n<p data-start=\"1218\" data-end=\"1250\">Przep\u0142yw minimalny: <strong data-start=\"1238\" data-end=\"1248\">12 l\/h<\/strong><\/p>\n<\/li>\n<li data-start=\"1251\" data-end=\"1285\">\n<p data-start=\"1253\" data-end=\"1285\">Przep\u0142yw rozruchu: <strong data-start=\"1272\" data-end=\"1283\">3\u20134 l\/h<\/strong><\/p>\n<\/li>\n<li data-start=\"1286\" data-end=\"1320\">\n<p data-start=\"1288\" data-end=\"1320\">Stosunek qp \/ qmin: <strong data-start=\"1308\" data-end=\"1318\">50 : 1<\/strong><\/p>\n<\/li>\n<li data-start=\"1321\" data-end=\"1352\">\n<p data-start=\"1323\" data-end=\"1352\">Stosunek qs \/ qp: <strong data-start=\"1341\" data-end=\"1350\">2 : 1<\/strong><\/p>\n<\/li>\n<li data-start=\"1353\" data-end=\"1376\">\n<p data-start=\"1355\" data-end=\"1376\">D\u0142ugo\u015b\u0107: <strong data-start=\"1364\" data-end=\"1374\">110 mm<\/strong><\/p>\n<\/li>\n<li data-start=\"1377\" data-end=\"1402\">\n<p data-start=\"1379\" data-end=\"1402\">Przy\u0142\u0105cze: <strong data-start=\"1390\" data-end=\"1400\">G 3\/4&#8243;<\/strong><\/p>\n<\/li>\n<li data-start=\"1403\" data-end=\"1445\">\n<p data-start=\"1405\" data-end=\"1445\">Pozycja pracy: <strong data-start=\"1420\" data-end=\"1443\">pozioma lub pionowa<\/strong><\/p>\n<\/li>\n<li data-start=\"1446\" data-end=\"1491\">\n<p data-start=\"1448\" data-end=\"1491\">Maksymalne ci\u015bnienie robocze: <strong data-start=\"1478\" data-end=\"1489\">1,6 MPa<\/strong><\/p>\n<\/li>\n<li data-start=\"1492\" data-end=\"1538\">\n<p data-start=\"1494\" data-end=\"1538\">Minimalne ci\u015bnienie kawitacji: <strong data-start=\"1525\" data-end=\"1536\">0,1 MPa<\/strong><\/p>\n<\/li>\n<li data-start=\"1539\" data-end=\"1607\">\n<p data-start=\"1541\" data-end=\"1607\">Zakres temperatur pracy: <strong data-start=\"1566\" data-end=\"1577\">10\u201390\u00b0C<\/strong> (kr\u00f3tkotrwale do <strong data-start=\"1595\" data-end=\"1604\">110\u00b0C<\/strong>)<\/p>\n<\/li>\n<li data-start=\"1608\" data-end=\"1651\">\n<p data-start=\"1610\" data-end=\"1651\">Stopie\u0144 ochrony: <strong data-start=\"1627\" data-end=\"1635\">IP65<\/strong> (wg EN 60529)<\/p>\n<\/li>\n<\/ul>\n<hr data-start=\"1653\" data-end=\"1656\" \/>\n<h2 data-start=\"1658\" data-end=\"1676\">\ud83c\udfe0 Zastosowanie<\/h2>\n<ul data-start=\"1677\" data-end=\"1853\">\n<li data-start=\"1677\" data-end=\"1701\">\n<p data-start=\"1679\" data-end=\"1701\"><strong data-start=\"1679\" data-end=\"1699\">Systemy grzewcze<\/strong><\/p>\n<\/li>\n<li data-start=\"1702\" data-end=\"1752\">\n<p data-start=\"1704\" data-end=\"1752\">Indywidualne i zbiorcze pomiary zu\u017cycia ciep\u0142a<\/p>\n<\/li>\n<li data-start=\"1753\" data-end=\"1791\">\n<p data-start=\"1755\" data-end=\"1791\">Instalacje mieszkaniowe i u\u017cytkowe<\/p>\n<\/li>\n<li data-start=\"1792\" data-end=\"1853\">\n<p data-start=\"1794\" data-end=\"1853\">Systemy zdalnego odczytu danych (po doposa\u017ceniu w modu\u0142y)<\/p>\n<\/li>\n<\/ul>\n<hr data-start=\"1855\" data-end=\"1858\" \/>\n<h3 data-start=\"1860\" data-end=\"1879\">\ud83d\udcdd Podsumowanie<\/h3>\n<p data-start=\"1880\" data-end=\"2228\" data-is-last-node=\"\" data-is-only-node=\"\"><strong data-start=\"1880\" data-end=\"1908\">QHEAT QHeat5 qp 0,6 m\u00b3\/h<\/strong> to nowoczesny, dok\u0142adny i odporny na zak\u0142\u00f3cenia ciep\u0142omierz, idealny do d\u0142ugoterminowej eksploatacji w systemach grzewczych. Du\u017ce mo\u017cliwo\u015bci archiwizacji danych, d\u0142uga \u017cywotno\u015b\u0107 baterii oraz opcja rozbudowy o komunikacj\u0119 zdaln\u0105 czyni\u0105 go uniwersalnym rozwi\u0105zaniem zar\u00f3wno dla instalacji domowych, jak i profesjonalnych.<\/p>\n","protected":false},"excerpt":{"rendered":"<p><strong>QHEAT QHeat5 qp 0,6 m\u00b3\/h to nowoczesny, dok\u0142adny i odporny na zak\u0142\u00f3cenia ciep\u0142omierz, idealny do d\u0142ugoterminowej eksploatacji w systemach grzewczych. Du\u017ce mo\u017cliwo\u015bci archiwizacji danych, d\u0142uga \u017cywotno\u015b\u0107 baterii oraz opcja rozbudowy o komunikacj\u0119 zdaln\u0105 czyni\u0105 go uniwersalnym rozwi\u0105zaniem zar\u00f3wno dla instalacji domowych, jak i profesjonalnych.<\/strong><\/p>\n","protected":false},"featured_media":10017,"template":"","meta":{"_kad_blocks_custom_css":"","_kad_blocks_head_custom_js":"","_kad_blocks_body_custom_js":"","_kad_blocks_footer_custom_js":"","_kad_post_transparent":"default","_kad_post_title":"","_kad_post_layout":"default","_kad_post_sidebar_id":"","_kad_post_content_style":"default","_kad_post_vertical_padding":"default","_kad_post_feature":"","_kad_post_feature_position":"","_kad_post_header":false,"_kad_post_footer":false,"_kad_post_classname":""},"product_brand":[],"product_cat":[376],"product_tag":[],"class_list":{"0":"post-10016","1":"product","2":"type-product","3":"status-publish","4":"has-post-thumbnail","6":"product_cat-wezly-cieplne","7":"product_shipping_class-drobnica","9":"first","10":"instock","11":"taxable","12":"shipping-taxable","13":"purchasable","14":"product-type-simple","15":"entry","16":"content-bg","17":"loop-entry"},"taxonomy_info":{"product_cat":[{"value":376,"label":"W\u0119z\u0142y cieplne"}]},"featured_image_src_large":["https:\/\/e-systemygrzewcze.eu\/sklep\/wp-content\/uploads\/2026\/01\/Nowy-projekt-66-1.jpg",510,587,false],"author_info":[],"comment_info":"","_links":{"self":[{"href":"https:\/\/e-systemygrzewcze.eu\/sklep\/wp-json\/wp\/v2\/product\/10016","targetHints":{"allow":["GET"]}}],"collection":[{"href":"https:\/\/e-systemygrzewcze.eu\/sklep\/wp-json\/wp\/v2\/product"}],"about":[{"href":"https:\/\/e-systemygrzewcze.eu\/sklep\/wp-json\/wp\/v2\/types\/product"}],"wp:featuredmedia":[{"embeddable":true,"href":"https:\/\/e-systemygrzewcze.eu\/sklep\/wp-json\/wp\/v2\/media\/10017"}],"wp:attachment":[{"href":"https:\/\/e-systemygrzewcze.eu\/sklep\/wp-json\/wp\/v2\/media?parent=10016"}],"wp:term":[{"taxonomy":"product_brand","embeddable":true,"href":"https:\/\/e-systemygrzewcze.eu\/sklep\/wp-json\/wp\/v2\/product_brand?post=10016"},{"taxonomy":"product_cat","embeddable":true,"href":"https:\/\/e-systemygrzewcze.eu\/sklep\/wp-json\/wp\/v2\/product_cat?post=10016"},{"taxonomy":"product_tag","embeddable":true,"href":"https:\/\/e-systemygrzewcze.eu\/sklep\/wp-json\/wp\/v2\/product_tag?post=10016"}],"curies":[{"name":"wp","href":"https:\/\/api.w.org\/{rel}","templated":true}]}}