{"id":1260,"date":"2025-05-08T16:32:14","date_gmt":"2025-05-08T16:32:14","guid":{"rendered":"https:\/\/e-systemygrzewcze.eu\/sklep\/?page_id=1260"},"modified":"2025-05-08T16:32:14","modified_gmt":"2025-05-08T16:32:14","slug":"zwroty-2","status":"publish","type":"page","link":"https:\/\/e-systemygrzewcze.eu\/sklep\/zwroty-2\/","title":{"rendered":"Zwroty"},"content":{"rendered":"\n<p><strong>Zwroty<\/strong><\/p>\n\n\n\n<ol start=\"1\" class=\"wp-block-list\">\n<li>Sklep odpowiada wobec kupuj\u0105cego b\u0119d\u0105cego konsumentem za wady towar\u00f3w \u2013 niezgodno\u015b\u0107 z umow\u0105 towar\u00f3w zakupionych w Sklepie na zasadach okre\u015blonych w ustawie z dnia 23 kwietnia 1964 r. Kodeks Cywilny (Dz.U. Z 2014 r., poz. 121 z p\u00f3\u017an. zm.) i ustawy z dnia 30 maja 2014 r. o prawach konsumenta (Dz.U. z 2014 r., poz. 827). W zakresie kupuj\u0105cych nie b\u0119d\u0105cych konsumentem Sklep ponosi odpowiedzialno\u015b\u0107 z tytu\u0142u r\u0119kojmi na zasadach okre\u015blonych w Kodeksie Cywilnym.<\/li>\n\n\n\n<li>Klient w terminie 14 dni od otrzymania towaru mo\u017ce odst\u0105pi\u0107 od Umowy sprzeda\u017cy bez podania przyczyny, zgodnie z art.27 ust. 1 z dnia 30 maja 2014 r. o prawach konsumenta (Dz.U. z 2014 r., poz. 827)<\/li>\n\n\n\n<li>Do zachowania 14 dniowego terminu wskazanego w pkt. VII ppkt. 2 nale\u017cy wys\u0142a\u0107 na adres email sklepu wype\u0142niony formularz zwrotu. (<a href=\"https:\/\/e-systemygrzewcze.eu\/files\/img\/doc\/Formularz%20zwrotu%20towaru.pdf\">Kliknij aby pobra\u0107<\/a>)<\/li>\n\n\n\n<li>W przypadku zwrotu towaru prosimy o przes\u0142anie go na adres\u00a0<strong>Karlos OZE Karol Gauden Sp. k., ul. Jana Paw\u0142a II 82, 62-510 Konin<\/strong>\u00a0z wydrukowanym i r\u0119cznie wype\u0142nionym formularzem zwrotu wraz z faktur\u0105 VAT lub paragonem.<\/li>\n\n\n\n<li>Zwracany towar nie mo\u017ce by\u0107 u\u017cywany i musi by\u0107 dostarczony w oryginalnym opakowaniu producenta.<\/li>\n\n\n\n<li>Nie przyjmujemy towaru wys\u0142anego za pobraniem w ramach wymiany i zwrot\u00f3w. Koszt przesy\u0142ki zwrotnej ponosi kupuj\u0105cy.<\/li>\n<\/ol>\n","protected":false},"excerpt":{"rendered":"<p>Zwroty<\/p>\n","protected":false},"author":1,"featured_media":0,"parent":0,"menu_order":0,"comment_status":"closed","ping_status":"closed","template":"","meta":{"_kad_blocks_custom_css":"","_kad_blocks_head_custom_js":"","_kad_blocks_body_custom_js":"","_kad_blocks_footer_custom_js":"","_kad_post_transparent":"","_kad_post_title":"","_kad_post_layout":"","_kad_post_sidebar_id":"","_kad_post_content_style":"","_kad_post_vertical_padding":"","_kad_post_feature":"","_kad_post_feature_position":"","_kad_post_header":false,"_kad_post_footer":false,"_kad_post_classname":"","footnotes":""},"class_list":["post-1260","page","type-page","status-publish","hentry"],"taxonomy_info":[],"featured_image_src_large":false,"author_info":{"display_name":"admin","author_link":"https:\/\/e-systemygrzewcze.eu\/sklep\/author\/admin\/"},"comment_info":0,"_links":{"self":[{"href":"https:\/\/e-systemygrzewcze.eu\/sklep\/wp-json\/wp\/v2\/pages\/1260","targetHints":{"allow":["GET"]}}],"collection":[{"href":"https:\/\/e-systemygrzewcze.eu\/sklep\/wp-json\/wp\/v2\/pages"}],"about":[{"href":"https:\/\/e-systemygrzewcze.eu\/sklep\/wp-json\/wp\/v2\/types\/page"}],"author":[{"embeddable":true,"href":"https:\/\/e-systemygrzewcze.eu\/sklep\/wp-json\/wp\/v2\/users\/1"}],"replies":[{"embeddable":true,"href":"https:\/\/e-systemygrzewcze.eu\/sklep\/wp-json\/wp\/v2\/comments?post=1260"}],"version-history":[{"count":1,"href":"https:\/\/e-systemygrzewcze.eu\/sklep\/wp-json\/wp\/v2\/pages\/1260\/revisions"}],"predecessor-version":[{"id":1261,"href":"https:\/\/e-systemygrzewcze.eu\/sklep\/wp-json\/wp\/v2\/pages\/1260\/revisions\/1261"}],"wp:attachment":[{"href":"https:\/\/e-systemygrzewcze.eu\/sklep\/wp-json\/wp\/v2\/media?parent=1260"}],"curies":[{"name":"wp","href":"https:\/\/api.w.org\/{rel}","templated":true}]}}