{"id":1258,"date":"2025-05-08T16:31:15","date_gmt":"2025-05-08T16:31:15","guid":{"rendered":"https:\/\/e-systemygrzewcze.eu\/sklep\/?page_id=1258"},"modified":"2025-05-08T16:31:16","modified_gmt":"2025-05-08T16:31:16","slug":"platnosci","status":"publish","type":"page","link":"https:\/\/e-systemygrzewcze.eu\/sklep\/platnosci\/","title":{"rendered":"P\u0142atno\u015bci"},"content":{"rendered":"\n<p><strong><em>Rozliczenia&nbsp;p\u0142atno\u015bci osb\u0142uguje serwis PayU<\/em><\/strong><\/p>\n\n\n\n<p><strong>Ochrona danych osobowych<\/strong><\/p>\n\n\n\n<p>Informujemy, \u017ce administratorem danych osobowych w rozumieniu ustawy z dnia 29 sierpnia 1997 r. o ochronie danych osobowych (t.j.: Dz.U. z 2016 r. poz. 922) jest firma<strong>&nbsp;Karlos OZE&nbsp;Karol Gauden Sp. k.<\/strong><\/p>\n\n\n\n<p>Dane osobowe Kupuj\u0105cego podlegaj\u0105 ochronie zgodnie z przepisami Rozporz\u0105dzenia Parlamentu Europejskiego i Rady UE 2016\/679 z 27 kwietnia 2016r.- og\u00f3lnego Rozporz\u0105dzenia o Ochronie Danych Osobowych &#8211; RODO.<br>Dane osobowe Kupuj\u0105cego przetwarzane s\u0105 w spos\u00f3b uniemo\u017cliwiaj\u0105cy dost\u0119p do nich os\u00f3b trzecich, z pomini\u0119ciem jednostek wsp\u00f3\u0142pracuj\u0105cych z&nbsp;<strong>Karlos OZE Karol Gauden Sp. k.<\/strong>&nbsp;w logistyczno-kurierskich (<strong>DPD Strefa Paczki Sp. z o.o.<\/strong>), jak r\u00f3wnie\u017c transakcji p\u0142atno\u015bci (<strong>PayU<\/strong>). Klienci maja prawo wgl\u0105du w swoje dane, do ich poprawiania, kontroli, oraz wniesienia \u017c\u0105dania o zaprzestanie ich wykorzystywania lub ich usuni\u0119cia, poprzez wys\u0142anie stosownej wiadomo\u015bci e-mail na adres sklep@karlos.com.pl<br>Administrator danych przetwarza nast\u0119puj\u0105ce kategorie odno\u015bnych danych osobowych:<br>&#8211; dane kontaktowe;<br>&#8211; dane dotycz\u0105ce aktywno\u015bci na stronie internetowej.;<br>&#8211; dane dotycz\u0105ce zam\u00f3wie\u0144 w Sklepie Internetowym;<br>&#8211; dane dotycz\u0105ce reklamacji, skarg i wniosk\u00f3w;<br>&#8211; dane dotycz\u0105ce us\u0142ug marketingowych, w tym remarketingowych, kt\u00f3re maj\u0105 na celu dotarcie do potencjalnego klienta z najbardziej dopasowan\u0105 ofert\u0105 handlow\u0105.<br>Podanie przez Pa\u0144stwa wymaganych danych osobowych jest dobrowolne i stanowi warunek \u015bwiadczenia us\u0142ug przez administratora danych osobowych za po\u015brednictwem Sklepu Internetowego.<br>Ka\u017cdy u\u017cytkownik zgodnie z RODO ma prawo do \u017c\u0105dania dost\u0119pu do swoich danych osobowych, sprostowania danych osobowych, usuni\u0119cia swoich danych osobowych, ograniczenia przetwarzania danych jak r\u00f3wnie\u017c wniesienia sprzeciwu wobec przetwarzania danych osobowych.<\/p>\n","protected":false},"excerpt":{"rendered":"<p>Rozliczenia&nbsp;p\u0142atno\u015bci osb\u0142uguje serwis PayU Ochrona danych osobowych Informujemy, \u017ce administratorem danych osobowych w rozumieniu ustawy z dnia 29 sierpnia 1997 r. o ochronie danych osobowych (t.j.: Dz.U. z 2016 r. poz. 922) jest firma&nbsp;Karlos OZE&nbsp;Karol Gauden Sp. k. Dane osobowe Kupuj\u0105cego podlegaj\u0105 ochronie zgodnie z przepisami Rozporz\u0105dzenia Parlamentu Europejskiego i Rady UE 2016\/679 z 27&#8230;<\/p>\n","protected":false},"author":1,"featured_media":0,"parent":0,"menu_order":0,"comment_status":"closed","ping_status":"closed","template":"","meta":{"_kad_blocks_custom_css":"","_kad_blocks_head_custom_js":"","_kad_blocks_body_custom_js":"","_kad_blocks_footer_custom_js":"","_kad_post_transparent":"","_kad_post_title":"","_kad_post_layout":"","_kad_post_sidebar_id":"","_kad_post_content_style":"","_kad_post_vertical_padding":"","_kad_post_feature":"","_kad_post_feature_position":"","_kad_post_header":false,"_kad_post_footer":false,"_kad_post_classname":"","footnotes":""},"class_list":["post-1258","page","type-page","status-publish","hentry"],"taxonomy_info":[],"featured_image_src_large":false,"author_info":{"display_name":"admin","author_link":"https:\/\/e-systemygrzewcze.eu\/sklep\/author\/admin\/"},"comment_info":0,"_links":{"self":[{"href":"https:\/\/e-systemygrzewcze.eu\/sklep\/wp-json\/wp\/v2\/pages\/1258","targetHints":{"allow":["GET"]}}],"collection":[{"href":"https:\/\/e-systemygrzewcze.eu\/sklep\/wp-json\/wp\/v2\/pages"}],"about":[{"href":"https:\/\/e-systemygrzewcze.eu\/sklep\/wp-json\/wp\/v2\/types\/page"}],"author":[{"embeddable":true,"href":"https:\/\/e-systemygrzewcze.eu\/sklep\/wp-json\/wp\/v2\/users\/1"}],"replies":[{"embeddable":true,"href":"https:\/\/e-systemygrzewcze.eu\/sklep\/wp-json\/wp\/v2\/comments?post=1258"}],"version-history":[{"count":1,"href":"https:\/\/e-systemygrzewcze.eu\/sklep\/wp-json\/wp\/v2\/pages\/1258\/revisions"}],"predecessor-version":[{"id":1259,"href":"https:\/\/e-systemygrzewcze.eu\/sklep\/wp-json\/wp\/v2\/pages\/1258\/revisions\/1259"}],"wp:attachment":[{"href":"https:\/\/e-systemygrzewcze.eu\/sklep\/wp-json\/wp\/v2\/media?parent=1258"}],"curies":[{"name":"wp","href":"https:\/\/api.w.org\/{rel}","templated":true}]}}